{"id":110,"date":"2020-11-24T18:35:32","date_gmt":"2020-11-24T15:35:32","guid":{"rendered":"https:\/\/www.cansugulercin.com\/?page_id=110"},"modified":"2022-12-11T16:23:44","modified_gmt":"2022-12-11T13:23:44","slug":"hakkimda","status":"publish","type":"page","link":"https:\/\/www.cansugulercin.com\/en\/hakkimda\/","title":{"rendered":"Hakk\u0131mda"},"content":{"rendered":"<div data-elementor-type=\"wp-page\" data-elementor-id=\"110\" class=\"elementor elementor-110\" data-elementor-post-type=\"page\">\n\t\t\t\t\t\t<section class=\"elementor-section elementor-top-section elementor-element elementor-element-1c2354fd elementor-section-full_width elementor-section-height-min-height elementor-section-items-stretch elementor-section-content-middle elementor-reverse-mobile elementor-reverse-tablet elementor-section-height-default\" data-id=\"1c2354fd\" data-element_type=\"section\">\n\t\t\t\t\t\t<div class=\"elementor-container elementor-column-gap-no\">\n\t\t\t\t\t<div class=\"elementor-column elementor-col-50 elementor-top-column elementor-element elementor-element-4b81aa09\" data-id=\"4b81aa09\" data-element_type=\"column\">\n\t\t\t<div class=\"elementor-widget-wrap elementor-element-populated\">\n\t\t\t\t\t\t<div class=\"elementor-element elementor-element-11326160 animated-fast elementor-invisible elementor-widget elementor-widget-heading\" data-id=\"11326160\" data-element_type=\"widget\" data-settings=\"{&quot;_animation&quot;:&quot;fadeIn&quot;}\" data-widget_type=\"heading.default\">\n\t\t\t\t<div class=\"elementor-widget-container\">\n\t\t\t\t\t<h1 class=\"elementor-heading-title elementor-size-xxl\">Cansu G\u00fcler\u00e7in \u015eeney, MSc<\/h1>\t\t\t\t<\/div>\n\t\t\t\t<\/div>\n\t\t\t\t<div class=\"elementor-element elementor-element-6af49afc elementor-invisible elementor-widget elementor-widget-heading\" data-id=\"6af49afc\" data-element_type=\"widget\" data-settings=\"{&quot;_animation&quot;:&quot;fadeIn&quot;}\" data-widget_type=\"heading.default\">\n\t\t\t\t<div class=\"elementor-widget-container\">\n\t\t\t\t\t<h4 class=\"elementor-heading-title elementor-size-default\">uzman diyetisyen &amp; psikolog<\/h4>\t\t\t\t<\/div>\n\t\t\t\t<\/div>\n\t\t\t\t<div class=\"elementor-element elementor-element-2492f811 elementor-invisible elementor-widget elementor-widget-text-editor\" data-id=\"2492f811\" data-element_type=\"widget\" data-settings=\"{&quot;_animation&quot;:&quot;fadeIn&quot;}\" data-widget_type=\"text-editor.default\">\n\t\t\t\t<div class=\"elementor-widget-container\">\n\t\t\t\t\t\t\t\t\t<p>After successfully graduating from the Department of Nutrition and Dietetics at Yeditepe University, I started the Clinical Nutrition Master's program while continuing my Psychology education, which I started with a double major program at the same university in 2014. After completing my psychology education, I took valuable steps for my professional life by improving myself in the fields of nutrition in the 21st century, such as gene-nutrient interactions, the role of nutrition and nutritional supplements in the control of disease risks, with my studies in the field of nutrigenetics. I have completed my Master's degree in Clinical Nutrition with my thesis on \"Examination of the relationship between anxiety level in exam period and nutrition behaviors in university students\", by conducting detailed research on how anxiety affects our eating habits, especially what kind of results it has in students. Working as an Obesity and Metabolic Surgery Dietitian in the field of Bariatric Surgery for 1.5 years at Biruni University Hospital, I supported the process management of my patients with my experience in this field.<\/p>\t\t\t\t\t\t\t\t<\/div>\n\t\t\t\t<\/div>\n\t\t\t\t<div class=\"elementor-element elementor-element-3c7db43e elementor-view-stacked elementor-shape-square elementor-widget__width-auto elementor-absolute elementor-hidden-phone animated-slow elementor-invisible elementor-widget elementor-widget-icon\" data-id=\"3c7db43e\" data-element_type=\"widget\" data-settings=\"{&quot;_position&quot;:&quot;absolute&quot;,&quot;_animation&quot;:&quot;fadeInDown&quot;,&quot;_animation_delay&quot;:&quot;500&quot;}\" data-widget_type=\"icon.default\">\n\t\t\t\t<div class=\"elementor-widget-container\">\n\t\t\t\t\t\t\t<div class=\"elementor-icon-wrapper\">\n\t\t\t<a class=\"elementor-icon\" href=\"#credentials\">\n\t\t\t\t\t\t<\/a>\n\t\t<\/div>\n\t\t\t\t\t\t<\/div>\n\t\t\t\t<\/div>\n\t\t\t\t\t<\/div>\n\t\t<\/div>\n\t\t\t\t<div class=\"elementor-column elementor-col-50 elementor-top-column elementor-element elementor-element-2c5e813a\" data-id=\"2c5e813a\" data-element_type=\"column\" data-settings=\"{&quot;background_background&quot;:&quot;classic&quot;}\">\n\t\t\t<div class=\"elementor-widget-wrap elementor-element-populated\">\n\t\t\t\t\t\t<div class=\"elementor-element elementor-element-5c463803 elementor-widget elementor-widget-spacer\" data-id=\"5c463803\" data-element_type=\"widget\" data-widget_type=\"spacer.default\">\n\t\t\t\t<div class=\"elementor-widget-container\">\n\t\t\t\t\t\t\t<div class=\"elementor-spacer\">\n\t\t\t<div class=\"elementor-spacer-inner\"><\/div>\n\t\t<\/div>\n\t\t\t\t\t\t<\/div>\n\t\t\t\t<\/div>\n\t\t\t\t\t<\/div>\n\t\t<\/div>\n\t\t\t\t\t<\/div>\n\t\t<\/section>\n\t\t\t\t<section class=\"elementor-section elementor-top-section elementor-element elementor-element-36bf555c elementor-section-items-stretch elementor-section-content-bottom elementor-section-height-min-height elementor-section-boxed elementor-section-height-default\" data-id=\"36bf555c\" data-element_type=\"section\" id=\"credentials\">\n\t\t\t\t\t\t<div class=\"elementor-container elementor-column-gap-no\">\n\t\t\t\t\t<div class=\"elementor-column elementor-col-100 elementor-top-column elementor-element elementor-element-455f4a9e\" data-id=\"455f4a9e\" data-element_type=\"column\" data-settings=\"{&quot;background_background&quot;:&quot;classic&quot;}\">\n\t\t\t<div class=\"elementor-widget-wrap elementor-element-populated\">\n\t\t\t\t\t\t<div class=\"elementor-element elementor-element-d0cc709 elementor-widget elementor-widget-spacer\" data-id=\"d0cc709\" data-element_type=\"widget\" data-widget_type=\"spacer.default\">\n\t\t\t\t<div class=\"elementor-widget-container\">\n\t\t\t\t\t\t\t<div class=\"elementor-spacer\">\n\t\t\t<div class=\"elementor-spacer-inner\"><\/div>\n\t\t<\/div>\n\t\t\t\t\t\t<\/div>\n\t\t\t\t<\/div>\n\t\t\t\t<div class=\"elementor-element elementor-element-b075f78 elementor-widget-divider--view-line elementor-widget elementor-widget-divider\" data-id=\"b075f78\" data-element_type=\"widget\" data-widget_type=\"divider.default\">\n\t\t\t\t<div class=\"elementor-widget-container\">\n\t\t\t\t\t\t\t<div class=\"elementor-divider\">\n\t\t\t<span class=\"elementor-divider-separator\">\n\t\t\t\t\t\t<\/span>\n\t\t<\/div>\n\t\t\t\t\t\t<\/div>\n\t\t\t\t<\/div>\n\t\t\t\t<div class=\"elementor-element elementor-element-725d702 elementor-widget elementor-widget-spacer\" data-id=\"725d702\" data-element_type=\"widget\" data-widget_type=\"spacer.default\">\n\t\t\t\t<div class=\"elementor-widget-container\">\n\t\t\t\t\t\t\t<div class=\"elementor-spacer\">\n\t\t\t<div class=\"elementor-spacer-inner\"><\/div>\n\t\t<\/div>\n\t\t\t\t\t\t<\/div>\n\t\t\t\t<\/div>\n\t\t\t\t<div class=\"elementor-element elementor-element-4faaf81f elementor-invisible elementor-widget elementor-widget-heading\" data-id=\"4faaf81f\" data-element_type=\"widget\" data-settings=\"{&quot;_animation&quot;:&quot;fadeInUp&quot;,&quot;_animation_mobile&quot;:&quot;none&quot;}\" data-widget_type=\"heading.default\">\n\t\t\t\t<div class=\"elementor-widget-container\">\n\t\t\t\t\t<h2 class=\"elementor-heading-title elementor-size-default\">Professional Background<\/h2>\t\t\t\t<\/div>\n\t\t\t\t<\/div>\n\t\t\t\t<section class=\"elementor-section elementor-inner-section elementor-element elementor-element-62af4191 elementor-section-full_width elementor-section-height-default elementor-section-height-default\" data-id=\"62af4191\" data-element_type=\"section\">\n\t\t\t\t\t\t<div class=\"elementor-container elementor-column-gap-no\">\n\t\t\t\t\t<div class=\"elementor-column elementor-col-33 elementor-inner-column elementor-element elementor-element-38e26681 animated-fast elementor-invisible\" data-id=\"38e26681\" data-element_type=\"column\" data-settings=\"{&quot;animation&quot;:&quot;fadeIn&quot;,&quot;animation_delay&quot;:&quot;200&quot;,&quot;animation_mobile&quot;:&quot;none&quot;}\">\n\t\t\t<div class=\"elementor-widget-wrap elementor-element-populated\">\n\t\t\t\t\t\t<div class=\"elementor-element elementor-element-5e9e058 elementor-widget elementor-widget-heading\" data-id=\"5e9e058\" data-element_type=\"widget\" data-widget_type=\"heading.default\">\n\t\t\t\t<div class=\"elementor-widget-container\">\n\t\t\t\t\t<h3 class=\"elementor-heading-title elementor-size-default\">Certificates<\/h3>\t\t\t\t<\/div>\n\t\t\t\t<\/div>\n\t\t\t\t<div class=\"elementor-element elementor-element-1dc0c6fe elementor-widget-divider--view-line elementor-widget elementor-widget-divider\" data-id=\"1dc0c6fe\" data-element_type=\"widget\" data-widget_type=\"divider.default\">\n\t\t\t\t<div class=\"elementor-widget-container\">\n\t\t\t\t\t\t\t<div class=\"elementor-divider\">\n\t\t\t<span class=\"elementor-divider-separator\">\n\t\t\t\t\t\t<\/span>\n\t\t<\/div>\n\t\t\t\t\t\t<\/div>\n\t\t\t\t<\/div>\n\t\t\t\t<div class=\"elementor-element elementor-element-27448cae elementor-invisible elementor-widget elementor-widget-text-editor\" data-id=\"27448cae\" data-element_type=\"widget\" data-settings=\"{&quot;_animation&quot;:&quot;fadeIn&quot;}\" data-widget_type=\"text-editor.default\">\n\t\t\t\t<div class=\"elementor-widget-container\">\n\t\t\t\t\t\t\t\t\t<ul>\n<li>Nutrition and Lifestyle in Pregnancy<\/li>\n<li>Introduction to Eating Disorders<\/li>\n<li>Certificate of Bariatric Surgery Dietitian<\/li>\n<li>Certificate of Molecular Nutrition<\/li>\n<li>SDM Application in Keto Diet<\/li>\n<\/ul>\t\t\t\t\t\t\t\t<\/div>\n\t\t\t\t<\/div>\n\t\t\t\t\t<\/div>\n\t\t<\/div>\n\t\t\t\t<div class=\"elementor-column elementor-col-33 elementor-inner-column elementor-element elementor-element-5c17ae1e animated-fast elementor-invisible\" data-id=\"5c17ae1e\" data-element_type=\"column\" data-settings=\"{&quot;animation&quot;:&quot;fadeIn&quot;,&quot;animation_delay&quot;:&quot;400&quot;,&quot;animation_mobile&quot;:&quot;none&quot;}\">\n\t\t\t<div class=\"elementor-widget-wrap elementor-element-populated\">\n\t\t\t\t\t\t<div class=\"elementor-element elementor-element-236c850b elementor-widget elementor-widget-heading\" data-id=\"236c850b\" data-element_type=\"widget\" data-widget_type=\"heading.default\">\n\t\t\t\t<div class=\"elementor-widget-container\">\n\t\t\t\t\t<h3 class=\"elementor-heading-title elementor-size-default\">Education<\/h3>\t\t\t\t<\/div>\n\t\t\t\t<\/div>\n\t\t\t\t<div class=\"elementor-element elementor-element-3f4ce9cf elementor-widget-divider--view-line elementor-widget elementor-widget-divider\" data-id=\"3f4ce9cf\" data-element_type=\"widget\" data-widget_type=\"divider.default\">\n\t\t\t\t<div class=\"elementor-widget-container\">\n\t\t\t\t\t\t\t<div class=\"elementor-divider\">\n\t\t\t<span class=\"elementor-divider-separator\">\n\t\t\t\t\t\t<\/span>\n\t\t<\/div>\n\t\t\t\t\t\t<\/div>\n\t\t\t\t<\/div>\n\t\t\t\t<div class=\"elementor-element elementor-element-16f0a505 elementor-invisible elementor-widget elementor-widget-text-editor\" data-id=\"16f0a505\" data-element_type=\"widget\" data-settings=\"{&quot;_animation&quot;:&quot;fadeIn&quot;}\" data-widget_type=\"text-editor.default\">\n\t\t\t\t<div class=\"elementor-widget-container\">\n\t\t\t\t\t\t\t\t\t<ul><li>Master of Science (MSc) in Clinical Nutrition<\/li><li>Bachelor of Science (BSc) in Psychology<\/li><li>Bachelor of Science (BSc) in Nutrition and Dietetic<\/li><\/ul>\t\t\t\t\t\t\t\t<\/div>\n\t\t\t\t<\/div>\n\t\t\t\t\t<\/div>\n\t\t<\/div>\n\t\t\t\t<div class=\"elementor-column elementor-col-33 elementor-inner-column elementor-element elementor-element-4bf6349c animated-fast elementor-invisible\" data-id=\"4bf6349c\" data-element_type=\"column\" data-settings=\"{&quot;animation&quot;:&quot;fadeIn&quot;,&quot;animation_delay&quot;:&quot;600&quot;,&quot;animation_mobile&quot;:&quot;none&quot;}\">\n\t\t\t<div class=\"elementor-widget-wrap elementor-element-populated\">\n\t\t\t\t\t\t<div class=\"elementor-element elementor-element-76f13898 elementor-widget elementor-widget-heading\" data-id=\"76f13898\" data-element_type=\"widget\" data-widget_type=\"heading.default\">\n\t\t\t\t<div class=\"elementor-widget-container\">\n\t\t\t\t\t<h3 class=\"elementor-heading-title elementor-size-default\">Working areas<\/h3>\t\t\t\t<\/div>\n\t\t\t\t<\/div>\n\t\t\t\t<div class=\"elementor-element elementor-element-32bf4f0e elementor-widget-divider--view-line elementor-widget elementor-widget-divider\" data-id=\"32bf4f0e\" data-element_type=\"widget\" data-widget_type=\"divider.default\">\n\t\t\t\t<div class=\"elementor-widget-container\">\n\t\t\t\t\t\t\t<div class=\"elementor-divider\">\n\t\t\t<span class=\"elementor-divider-separator\">\n\t\t\t\t\t\t<\/span>\n\t\t<\/div>\n\t\t\t\t\t\t<\/div>\n\t\t\t\t<\/div>\n\t\t\t\t<div class=\"elementor-element elementor-element-7d1fbf51 elementor-invisible elementor-widget elementor-widget-text-editor\" data-id=\"7d1fbf51\" data-element_type=\"widget\" data-settings=\"{&quot;_animation&quot;:&quot;fadeIn&quot;}\" data-widget_type=\"text-editor.default\">\n\t\t\t\t<div class=\"elementor-widget-container\">\n\t\t\t\t\t\t\t\t\t<ul><li>Bariatric and Metabolic Surgery<\/li><li>Nutrigenetics<\/li><li>Functional Nutrition<\/li><li>IF - Intermittent Fasting<\/li><li>Ketogenic Diet<\/li><\/ul>\t\t\t\t\t\t\t\t<\/div>\n\t\t\t\t<\/div>\n\t\t\t\t\t<\/div>\n\t\t<\/div>\n\t\t\t\t\t<\/div>\n\t\t<\/section>\n\t\t\t\t\t<\/div>\n\t\t<\/div>\n\t\t\t\t\t<\/div>\n\t\t<\/section>\n\t\t\t\t<section class=\"elementor-section elementor-top-section elementor-element elementor-element-efb4f6e elementor-section-boxed elementor-section-height-default elementor-section-height-default\" data-id=\"efb4f6e\" data-element_type=\"section\" data-no-translation=\"\">\n\t\t\t\t\t\t<div class=\"elementor-container elementor-column-gap-default\">\n\t\t\t\t\t<div class=\"elementor-column elementor-col-100 elementor-top-column elementor-element elementor-element-a347556\" data-id=\"a347556\" data-element_type=\"column\">\n\t\t\t<div class=\"elementor-widget-wrap elementor-element-populated\">\n\t\t\t\t\t\t<div class=\"elementor-element elementor-element-d164bbd elementor-widget elementor-widget-html\" data-id=\"d164bbd\" data-element_type=\"widget\" data-widget_type=\"html.default\">\n\t\t\t\t<div class=\"elementor-widget-container\">\n\t\t\t\t\t<div style=\"text-align: center\">\n    <a href=\"https:\/\/nutritionistnear.me\/istanbul\/nutrition\/cansu-g\u00fcler\u00e7in?from=badge\"  title=\"Find me on Nutritionist Near Me\" target=\"_blank\"><img decoding=\"async\" alt=\"Find A Dietitian Or Nutritionist Near You Badge\" src=\"https:\/\/nutritionistnear.me\/images\/Nutritionist-Near-Me-Verified-275x89.png\" border=\"0\/\"><\/a>\n                        \n<\/div>\t\t\t\t<\/div>\n\t\t\t\t<\/div>\n\t\t\t\t\t<\/div>\n\t\t<\/div>\n\t\t\t\t\t<\/div>\n\t\t<\/section>\n\t\t\t\t<\/div>","protected":false},"excerpt":{"rendered":"<p>Cansu G\u00fcler\u00e7in \u015eeney, MSc uzman diyetisyen &#038; psikolog Yeditepe \u00dcniversitesi Beslenme ve Diyetetik b\u00f6l\u00fcm\u00fcnden ba\u015far\u0131yla mezun olduktan sonra yine ayn\u0131 \u00fcniversitede 2014 y\u0131l\u0131nda \u00e7ift anadal program\u0131 ile ba\u015flad\u0131\u011f\u0131m Psikoloji e\u011fitimime devam ederken Klinik Beslenme Yu\u0308ksek Lisans program\u0131na ba\u015flad\u0131m. Psikoloji e\u011fitimimi tamamlad\u0131ktan sonra nutrigenetik alan\u0131ndaki \u00e7al\u0131\u015fmalar\u0131mla gen-besin etkile\u015fimleri, hastal\u0131k risklerinin kontrol\u00fcnde beslenme ve besin desteklerinin rol\u00fc [&hellip;]<\/p>","protected":false},"author":1,"featured_media":0,"parent":0,"menu_order":0,"comment_status":"closed","ping_status":"closed","template":"elementor_header_footer","meta":{"footnotes":""},"class_list":["post-110","page","type-page","status-publish","hentry"],"yoast_head":"<!-- This site is optimized with the Yoast SEO plugin v26.6 - https:\/\/yoast.com\/wordpress\/plugins\/seo\/ -->\n<title>Hakk\u0131mda - Cansu G\u00fcler\u00e7in | Diyet Listesi, Beslenme Program\u0131, Diyetisyen Randevu<\/title>\n<meta name=\"robots\" content=\"index, follow, max-snippet:-1, max-image-preview:large, max-video-preview:-1\" \/>\n<link rel=\"canonical\" href=\"https:\/\/www.cansugulercin.com\/en\/hakkimda\/\" \/>\n<meta property=\"og:locale\" content=\"en_US\" \/>\n<meta property=\"og:type\" content=\"article\" \/>\n<meta property=\"og:title\" content=\"Hakk\u0131mda - Cansu G\u00fcler\u00e7in | Diyet Listesi, Beslenme Program\u0131, Diyetisyen Randevu\" \/>\n<meta property=\"og:description\" content=\"Cansu G\u00fcler\u00e7in \u015eeney, MSc uzman diyetisyen &#038; psikolog Yeditepe \u00dcniversitesi Beslenme ve Diyetetik b\u00f6l\u00fcm\u00fcnden ba\u015far\u0131yla mezun olduktan sonra yine ayn\u0131 \u00fcniversitede 2014 y\u0131l\u0131nda \u00e7ift anadal program\u0131 ile ba\u015flad\u0131\u011f\u0131m Psikoloji e\u011fitimime devam ederken Klinik Beslenme Yu\u0308ksek Lisans program\u0131na ba\u015flad\u0131m. Psikoloji e\u011fitimimi tamamlad\u0131ktan sonra nutrigenetik alan\u0131ndaki \u00e7al\u0131\u015fmalar\u0131mla gen-besin etkile\u015fimleri, hastal\u0131k risklerinin kontrol\u00fcnde beslenme ve besin desteklerinin rol\u00fc [&hellip;]\" \/>\n<meta property=\"og:url\" content=\"https:\/\/www.cansugulercin.com\/en\/hakkimda\/\" \/>\n<meta property=\"og:site_name\" content=\"Cansu G\u00fcler\u00e7in | Diyet Listesi, Beslenme Program\u0131, Diyetisyen Randevu\" \/>\n<meta property=\"article:publisher\" content=\"https:\/\/www.facebook.com\/uzm.dyt.cansugulercin\" \/>\n<meta property=\"article:modified_time\" content=\"2022-12-11T13:23:44+00:00\" \/>\n<meta property=\"og:image\" content=\"https:\/\/nutritionistnear.me\/images\/Nutritionist-Near-Me-Verified-275x89.png\" \/>\n<meta name=\"twitter:card\" content=\"summary_large_image\" \/>\n<meta name=\"twitter:label1\" content=\"Est. reading time\" \/>\n\t<meta name=\"twitter:data1\" content=\"1 minute\" \/>\n<script type=\"application\/ld+json\" class=\"yoast-schema-graph\">{\"@context\":\"https:\/\/schema.org\",\"@graph\":[{\"@type\":\"WebPage\",\"@id\":\"https:\/\/www.cansugulercin.com\/hakkimda\/\",\"url\":\"https:\/\/www.cansugulercin.com\/hakkimda\/\",\"name\":\"Hakk\u0131mda - Cansu G\u00fcler\u00e7in | Diyet Listesi, Beslenme Program\u0131, Diyetisyen Randevu\",\"isPartOf\":{\"@id\":\"https:\/\/www.cansugulercin.com\/tr\/#website\"},\"primaryImageOfPage\":{\"@id\":\"https:\/\/www.cansugulercin.com\/hakkimda\/#primaryimage\"},\"image\":{\"@id\":\"https:\/\/www.cansugulercin.com\/hakkimda\/#primaryimage\"},\"thumbnailUrl\":\"https:\/\/nutritionistnear.me\/images\/Nutritionist-Near-Me-Verified-275x89.png\",\"datePublished\":\"2020-11-24T15:35:32+00:00\",\"dateModified\":\"2022-12-11T13:23:44+00:00\",\"breadcrumb\":{\"@id\":\"https:\/\/www.cansugulercin.com\/hakkimda\/#breadcrumb\"},\"inLanguage\":\"en-US\",\"potentialAction\":[{\"@type\":\"ReadAction\",\"target\":[\"https:\/\/www.cansugulercin.com\/hakkimda\/\"]}]},{\"@type\":\"ImageObject\",\"inLanguage\":\"en-US\",\"@id\":\"https:\/\/www.cansugulercin.com\/hakkimda\/#primaryimage\",\"url\":\"https:\/\/nutritionistnear.me\/images\/Nutritionist-Near-Me-Verified-275x89.png\",\"contentUrl\":\"https:\/\/nutritionistnear.me\/images\/Nutritionist-Near-Me-Verified-275x89.png\"},{\"@type\":\"BreadcrumbList\",\"@id\":\"https:\/\/www.cansugulercin.com\/hakkimda\/#breadcrumb\",\"itemListElement\":[{\"@type\":\"ListItem\",\"position\":1,\"name\":\"Anasayfa\",\"item\":\"https:\/\/www.cansugulercin.com\/\"},{\"@type\":\"ListItem\",\"position\":2,\"name\":\"Hakk\u0131mda\"}]},{\"@type\":\"WebSite\",\"@id\":\"https:\/\/www.cansugulercin.com\/tr\/#website\",\"url\":\"https:\/\/www.cansugulercin.com\/tr\/\",\"name\":\"Cansu G\u00fcler\u00e7in | Online Diyet Dan\u0131\u015fmanl\u0131\u011f\u0131 - Uzman Diyetisyen & Psikolog\",\"description\":\"Kilo almak, kilo vermek, diyet, sa\u011fl\u0131kl\u0131 beslenme\",\"publisher\":{\"@id\":\"https:\/\/www.cansugulercin.com\/tr\/#organization\"},\"potentialAction\":[{\"@type\":\"SearchAction\",\"target\":{\"@type\":\"EntryPoint\",\"urlTemplate\":\"https:\/\/www.cansugulercin.com\/tr\/?s={search_term_string}\"},\"query-input\":{\"@type\":\"PropertyValueSpecification\",\"valueRequired\":true,\"valueName\":\"search_term_string\"}}],\"inLanguage\":\"en-US\"},{\"@type\":\"Organization\",\"@id\":\"https:\/\/www.cansugulercin.com\/tr\/#organization\",\"name\":\"Cansu G\u00fcler\u00e7in | Online Diyet Dan\u0131\u015fmanl\u0131\u011f\u0131 - Uzman Diyetisyen & Psikolog\",\"url\":\"https:\/\/www.cansugulercin.com\/tr\/\",\"logo\":{\"@type\":\"ImageObject\",\"inLanguage\":\"en-US\",\"@id\":\"https:\/\/www.cansugulercin.com\/tr\/#\/schema\/logo\/image\/\",\"url\":\"https:\/\/www.cansugulercin.com\/wp-content\/uploads\/logo-mini.png\",\"contentUrl\":\"https:\/\/www.cansugulercin.com\/wp-content\/uploads\/logo-mini.png\",\"width\":320,\"height\":65,\"caption\":\"Cansu G\u00fcler\u00e7in | Online Diyet Dan\u0131\u015fmanl\u0131\u011f\u0131 - Uzman Diyetisyen & Psikolog\"},\"image\":{\"@id\":\"https:\/\/www.cansugulercin.com\/tr\/#\/schema\/logo\/image\/\"},\"sameAs\":[\"https:\/\/www.facebook.com\/uzm.dyt.cansugulercin\",\"https:\/\/www.instagram.com\/uzm.dyt.cansugulercin\/\",\"https:\/\/www.linkedin.com\/company\/cansugulercin-com\"]}]}<\/script>\n<!-- \/ Yoast SEO plugin. -->","yoast_head_json":{"title":"Hakk\u0131mda - Cansu G\u00fcler\u00e7in | Diyet Listesi, Beslenme Program\u0131, Diyetisyen Randevu","robots":{"index":"index","follow":"follow","max-snippet":"max-snippet:-1","max-image-preview":"max-image-preview:large","max-video-preview":"max-video-preview:-1"},"canonical":"https:\/\/www.cansugulercin.com\/en\/hakkimda\/","og_locale":"en_US","og_type":"article","og_title":"Hakk\u0131mda - Cansu G\u00fcler\u00e7in | Diyet Listesi, Beslenme Program\u0131, Diyetisyen Randevu","og_description":"Cansu G\u00fcler\u00e7in \u015eeney, MSc uzman diyetisyen &#038; psikolog Yeditepe \u00dcniversitesi Beslenme ve Diyetetik b\u00f6l\u00fcm\u00fcnden ba\u015far\u0131yla mezun olduktan sonra yine ayn\u0131 \u00fcniversitede 2014 y\u0131l\u0131nda \u00e7ift anadal program\u0131 ile ba\u015flad\u0131\u011f\u0131m Psikoloji e\u011fitimime devam ederken Klinik Beslenme Yu\u0308ksek Lisans program\u0131na ba\u015flad\u0131m. Psikoloji e\u011fitimimi tamamlad\u0131ktan sonra nutrigenetik alan\u0131ndaki \u00e7al\u0131\u015fmalar\u0131mla gen-besin etkile\u015fimleri, hastal\u0131k risklerinin kontrol\u00fcnde beslenme ve besin desteklerinin rol\u00fc [&hellip;]","og_url":"https:\/\/www.cansugulercin.com\/en\/hakkimda\/","og_site_name":"Cansu G\u00fcler\u00e7in | Diyet Listesi, Beslenme Program\u0131, Diyetisyen Randevu","article_publisher":"https:\/\/www.facebook.com\/uzm.dyt.cansugulercin","article_modified_time":"2022-12-11T13:23:44+00:00","og_image":[{"url":"https:\/\/nutritionistnear.me\/images\/Nutritionist-Near-Me-Verified-275x89.png","type":"","width":"","height":""}],"twitter_card":"summary_large_image","twitter_misc":{"Est. reading time":"1 minute"},"schema":{"@context":"https:\/\/schema.org","@graph":[{"@type":"WebPage","@id":"https:\/\/www.cansugulercin.com\/hakkimda\/","url":"https:\/\/www.cansugulercin.com\/hakkimda\/","name":"Hakk\u0131mda - Cansu G\u00fcler\u00e7in | Diyet Listesi, Beslenme Program\u0131, Diyetisyen Randevu","isPartOf":{"@id":"https:\/\/www.cansugulercin.com\/tr\/#website"},"primaryImageOfPage":{"@id":"https:\/\/www.cansugulercin.com\/hakkimda\/#primaryimage"},"image":{"@id":"https:\/\/www.cansugulercin.com\/hakkimda\/#primaryimage"},"thumbnailUrl":"https:\/\/nutritionistnear.me\/images\/Nutritionist-Near-Me-Verified-275x89.png","datePublished":"2020-11-24T15:35:32+00:00","dateModified":"2022-12-11T13:23:44+00:00","breadcrumb":{"@id":"https:\/\/www.cansugulercin.com\/hakkimda\/#breadcrumb"},"inLanguage":"en-US","potentialAction":[{"@type":"ReadAction","target":["https:\/\/www.cansugulercin.com\/hakkimda\/"]}]},{"@type":"ImageObject","inLanguage":"en-US","@id":"https:\/\/www.cansugulercin.com\/hakkimda\/#primaryimage","url":"https:\/\/nutritionistnear.me\/images\/Nutritionist-Near-Me-Verified-275x89.png","contentUrl":"https:\/\/nutritionistnear.me\/images\/Nutritionist-Near-Me-Verified-275x89.png"},{"@type":"BreadcrumbList","@id":"https:\/\/www.cansugulercin.com\/hakkimda\/#breadcrumb","itemListElement":[{"@type":"ListItem","position":1,"name":"Anasayfa","item":"https:\/\/www.cansugulercin.com\/"},{"@type":"ListItem","position":2,"name":"Hakk\u0131mda"}]},{"@type":"WebSite","@id":"https:\/\/www.cansugulercin.com\/tr\/#website","url":"https:\/\/www.cansugulercin.com\/tr\/","name":"Cansu G\u00fcler\u00e7in | Online Diyet Dan\u0131\u015fmanl\u0131\u011f\u0131 - Uzman Diyetisyen & Psikolog","description":"Kilo almak, kilo vermek, diyet, sa\u011fl\u0131kl\u0131 beslenme","publisher":{"@id":"https:\/\/www.cansugulercin.com\/tr\/#organization"},"potentialAction":[{"@type":"SearchAction","target":{"@type":"EntryPoint","urlTemplate":"https:\/\/www.cansugulercin.com\/tr\/?s={search_term_string}"},"query-input":{"@type":"PropertyValueSpecification","valueRequired":true,"valueName":"search_term_string"}}],"inLanguage":"en-US"},{"@type":"Organization","@id":"https:\/\/www.cansugulercin.com\/tr\/#organization","name":"Cansu G\u00fcler\u00e7in | Online Diyet Dan\u0131\u015fmanl\u0131\u011f\u0131 - Uzman Diyetisyen & Psikolog","url":"https:\/\/www.cansugulercin.com\/tr\/","logo":{"@type":"ImageObject","inLanguage":"en-US","@id":"https:\/\/www.cansugulercin.com\/tr\/#\/schema\/logo\/image\/","url":"https:\/\/www.cansugulercin.com\/wp-content\/uploads\/logo-mini.png","contentUrl":"https:\/\/www.cansugulercin.com\/wp-content\/uploads\/logo-mini.png","width":320,"height":65,"caption":"Cansu G\u00fcler\u00e7in | Online Diyet Dan\u0131\u015fmanl\u0131\u011f\u0131 - Uzman Diyetisyen & Psikolog"},"image":{"@id":"https:\/\/www.cansugulercin.com\/tr\/#\/schema\/logo\/image\/"},"sameAs":["https:\/\/www.facebook.com\/uzm.dyt.cansugulercin","https:\/\/www.instagram.com\/uzm.dyt.cansugulercin\/","https:\/\/www.linkedin.com\/company\/cansugulercin-com"]}]}},"jetpack_sharing_enabled":true,"_links":{"self":[{"href":"https:\/\/www.cansugulercin.com\/en\/wp-json\/wp\/v2\/pages\/110","targetHints":{"allow":["GET"]}}],"collection":[{"href":"https:\/\/www.cansugulercin.com\/en\/wp-json\/wp\/v2\/pages"}],"about":[{"href":"https:\/\/www.cansugulercin.com\/en\/wp-json\/wp\/v2\/types\/page"}],"author":[{"embeddable":true,"href":"https:\/\/www.cansugulercin.com\/en\/wp-json\/wp\/v2\/users\/1"}],"replies":[{"embeddable":true,"href":"https:\/\/www.cansugulercin.com\/en\/wp-json\/wp\/v2\/comments?post=110"}],"version-history":[{"count":29,"href":"https:\/\/www.cansugulercin.com\/en\/wp-json\/wp\/v2\/pages\/110\/revisions"}],"predecessor-version":[{"id":1296,"href":"https:\/\/www.cansugulercin.com\/en\/wp-json\/wp\/v2\/pages\/110\/revisions\/1296"}],"wp:attachment":[{"href":"https:\/\/www.cansugulercin.com\/en\/wp-json\/wp\/v2\/media?parent=110"}],"curies":[{"name":"wp","href":"https:\/\/api.w.org\/{rel}","templated":true}]}}