{"id":115,"date":"2020-11-29T14:47:55","date_gmt":"2020-11-29T11:47:55","guid":{"rendered":"https:\/\/www.cansugulercin.com\/?page_id=115"},"modified":"2020-12-01T21:13:25","modified_gmt":"2020-12-01T18:13:25","slug":"okuma-kosesi","status":"publish","type":"page","link":"https:\/\/www.cansugulercin.com\/en\/okuma-kosesi\/","title":{"rendered":"Reading Corner"},"content":{"rendered":"<div data-elementor-type=\"wp-page\" data-elementor-id=\"115\" class=\"elementor elementor-115\" data-elementor-post-type=\"page\">\n\t\t\t\t\t\t<section class=\"elementor-section elementor-top-section elementor-element elementor-element-2f4d756a elementor-section-full_width elementor-section-height-min-height elementor-section-items-stretch elementor-section-content-middle elementor-reverse-mobile elementor-reverse-tablet elementor-section-height-default\" data-id=\"2f4d756a\" data-element_type=\"section\">\n\t\t\t\t\t\t<div class=\"elementor-container elementor-column-gap-no\">\n\t\t\t\t\t<div class=\"elementor-column elementor-col-50 elementor-top-column elementor-element elementor-element-725b5a68\" data-id=\"725b5a68\" data-element_type=\"column\">\n\t\t\t<div class=\"elementor-widget-wrap elementor-element-populated\">\n\t\t\t\t\t\t<div class=\"elementor-element elementor-element-17c964c2 elementor-invisible elementor-widget elementor-widget-text-editor\" data-id=\"17c964c2\" data-element_type=\"widget\" data-settings=\"{&quot;_animation&quot;:&quot;fadeIn&quot;}\" data-widget_type=\"text-editor.default\">\n\t\t\t\t<div class=\"elementor-widget-container\">\n\t\t\t\t\t\t\t\t\t<p>Science first for your health...<\/p>\t\t\t\t\t\t\t\t<\/div>\n\t\t\t\t<\/div>\n\t\t\t\t<div class=\"elementor-element elementor-element-1a003acc elementor-view-stacked elementor-shape-square elementor-widget__width-auto elementor-absolute elementor-hidden-tablet elementor-hidden-phone elementor-invisible elementor-widget elementor-widget-icon\" data-id=\"1a003acc\" data-element_type=\"widget\" data-settings=\"{&quot;_position&quot;:&quot;absolute&quot;,&quot;_animation&quot;:&quot;fadeInDown&quot;,&quot;_animation_delay&quot;:&quot;500&quot;}\" data-widget_type=\"icon.default\">\n\t\t\t\t<div class=\"elementor-widget-container\">\n\t\t\t\t\t\t\t<div class=\"elementor-icon-wrapper\">\n\t\t\t<a class=\"elementor-icon\" href=\"#postgrid\">\n\t\t\t\t\t\t<\/a>\n\t\t<\/div>\n\t\t\t\t\t\t<\/div>\n\t\t\t\t<\/div>\n\t\t\t\t\t<\/div>\n\t\t<\/div>\n\t\t\t\t<div class=\"elementor-column elementor-col-50 elementor-top-column elementor-element elementor-element-2ce4c3ef\" data-id=\"2ce4c3ef\" data-element_type=\"column\" data-settings=\"{&quot;background_background&quot;:&quot;classic&quot;}\">\n\t\t\t<div class=\"elementor-widget-wrap elementor-element-populated\">\n\t\t\t\t\t\t<div class=\"elementor-element elementor-element-485d7c14 elementor-widget elementor-widget-spacer\" data-id=\"485d7c14\" data-element_type=\"widget\" data-widget_type=\"spacer.default\">\n\t\t\t\t<div class=\"elementor-widget-container\">\n\t\t\t\t\t\t\t<div class=\"elementor-spacer\">\n\t\t\t<div class=\"elementor-spacer-inner\"><\/div>\n\t\t<\/div>\n\t\t\t\t\t\t<\/div>\n\t\t\t\t<\/div>\n\t\t\t\t\t<\/div>\n\t\t<\/div>\n\t\t\t\t\t<\/div>\n\t\t<\/section>\n\t\t\t\t<section class=\"elementor-section elementor-top-section elementor-element elementor-element-26d2631c elementor-section-full_width elementor-section-height-default elementor-section-height-default\" data-id=\"26d2631c\" data-element_type=\"section\" id=\"postgrid\">\n\t\t\t\t\t\t<div class=\"elementor-container elementor-column-gap-no\">\n\t\t\t\t\t<div class=\"elementor-column elementor-col-100 elementor-top-column elementor-element elementor-element-32f75f22\" data-id=\"32f75f22\" data-element_type=\"column\">\n\t\t\t<div class=\"elementor-widget-wrap elementor-element-populated\">\n\t\t\t\t\t\t<div class=\"elementor-element elementor-element-6a40f70c elementor-grid-2 elementor-grid-tablet-1 elementor-posts--thumbnail-left animated-slow elementor-grid-mobile-1 elementor-invisible elementor-widget elementor-widget-posts\" data-id=\"6a40f70c\" data-element_type=\"widget\" data-settings=\"{&quot;classic_columns&quot;:&quot;2&quot;,&quot;classic_columns_tablet&quot;:&quot;1&quot;,&quot;classic_row_gap&quot;:{&quot;unit&quot;:&quot;px&quot;,&quot;size&quot;:&quot;50&quot;,&quot;sizes&quot;:[]},&quot;_animation&quot;:&quot;fadeIn&quot;,&quot;classic_columns_mobile&quot;:&quot;1&quot;,&quot;classic_row_gap_tablet&quot;:{&quot;unit&quot;:&quot;px&quot;,&quot;size&quot;:&quot;&quot;,&quot;sizes&quot;:[]},&quot;classic_row_gap_mobile&quot;:{&quot;unit&quot;:&quot;px&quot;,&quot;size&quot;:&quot;&quot;,&quot;sizes&quot;:[]}}\" data-widget_type=\"posts.classic\">\n\t\t\t\t<div class=\"elementor-widget-container\">\n\t\t\t\t\t\t\t<div class=\"elementor-posts-container elementor-posts elementor-posts--skin-classic elementor-grid\" role=\"list\">\n\t\t\t\t<article class=\"elementor-post elementor-grid-item post-249 post type-post status-publish format-standard has-post-thumbnail hentry category-okuma-kosesi\" role=\"listitem\">\n\t\t\t\t<a class=\"elementor-post__thumbnail__link\" href=\"https:\/\/www.cansugulercin.com\/en\/su-ve-limon-ikilisi\/249\/okuma-kosesi\/\" tabindex=\"-1\" >\n\t\t\t<div class=\"elementor-post__thumbnail\"><img fetchpriority=\"high\" decoding=\"async\" width=\"768\" height=\"511\" src=\"https:\/\/www.cansugulercin.com\/wp-content\/uploads\/41362407_557585167989158_285762951841664368_n-768x511.jpg\" class=\"attachment-medium_large size-medium_large wp-image-131\" alt=\"\" srcset=\"https:\/\/www.cansugulercin.com\/wp-content\/uploads\/41362407_557585167989158_285762951841664368_n-768x511.jpg 768w, https:\/\/www.cansugulercin.com\/wp-content\/uploads\/41362407_557585167989158_285762951841664368_n-300x200.jpg 300w, https:\/\/www.cansugulercin.com\/wp-content\/uploads\/41362407_557585167989158_285762951841664368_n-1024x682.jpg 1024w, https:\/\/www.cansugulercin.com\/wp-content\/uploads\/41362407_557585167989158_285762951841664368_n.jpg 1080w\" sizes=\"(max-width: 768px) 100vw, 768px\" \/><\/div>\n\t\t<\/a>\n\t\t\t\t<div class=\"elementor-post__text\">\n\t\t\t\t<h3 class=\"elementor-post__title\">\n\t\t\t<a href=\"https:\/\/www.cansugulercin.com\/en\/su-ve-limon-ikilisi\/249\/okuma-kosesi\/\" >\n\t\t\t\tThe Couple of Water and Lemon\t\t\t<\/a>\n\t\t<\/h3>\n\t\t\n\t\t<a class=\"elementor-post__read-more\" href=\"https:\/\/www.cansugulercin.com\/en\/su-ve-limon-ikilisi\/249\/okuma-kosesi\/\" aria-label=\"Read more about Su ve Limon \u0130kilisi\" tabindex=\"-1\" >\n\t\t\tRead\t\t<\/a>\n\n\t\t\t\t<\/div>\n\t\t\t\t<\/article>\n\t\t\t\t<article class=\"elementor-post elementor-grid-item post-259 post type-post status-publish format-standard has-post-thumbnail hentry category-okuma-kosesi\" role=\"listitem\">\n\t\t\t\t<a class=\"elementor-post__thumbnail__link\" href=\"https:\/\/www.cansugulercin.com\/en\/bir-yulaf-hikayesi\/259\/okuma-kosesi\/\" tabindex=\"-1\" >\n\t\t\t<div class=\"elementor-post__thumbnail\"><img decoding=\"async\" width=\"768\" height=\"768\" src=\"https:\/\/www.cansugulercin.com\/wp-content\/uploads\/yulaf-768x768.jpg\" class=\"attachment-medium_large size-medium_large wp-image-137\" alt=\"\" srcset=\"https:\/\/www.cansugulercin.com\/wp-content\/uploads\/yulaf-768x768.jpg 768w, https:\/\/www.cansugulercin.com\/wp-content\/uploads\/yulaf-300x300.jpg 300w, https:\/\/www.cansugulercin.com\/wp-content\/uploads\/yulaf-1024x1024.jpg 1024w, https:\/\/www.cansugulercin.com\/wp-content\/uploads\/yulaf-150x150.jpg 150w, https:\/\/www.cansugulercin.com\/wp-content\/uploads\/yulaf.jpg 1080w\" sizes=\"(max-width: 768px) 100vw, 768px\" \/><\/div>\n\t\t<\/a>\n\t\t\t\t<div class=\"elementor-post__text\">\n\t\t\t\t<h3 class=\"elementor-post__title\">\n\t\t\t<a href=\"https:\/\/www.cansugulercin.com\/en\/bir-yulaf-hikayesi\/259\/okuma-kosesi\/\" >\n\t\t\t\tA Story of Oat\t\t\t<\/a>\n\t\t<\/h3>\n\t\t\n\t\t<a class=\"elementor-post__read-more\" href=\"https:\/\/www.cansugulercin.com\/en\/bir-yulaf-hikayesi\/259\/okuma-kosesi\/\" aria-label=\"Read more about Bir Yulaf Hikayesi\" tabindex=\"-1\" >\n\t\t\tRead\t\t<\/a>\n\n\t\t\t\t<\/div>\n\t\t\t\t<\/article>\n\t\t\t\t<article class=\"elementor-post elementor-grid-item post-242 post type-post status-publish format-standard has-post-thumbnail hentry category-okuma-kosesi\" role=\"listitem\">\n\t\t\t\t<a class=\"elementor-post__thumbnail__link\" href=\"https:\/\/www.cansugulercin.com\/en\/gripten-nasil-korunuruz\/242\/okuma-kosesi\/\" tabindex=\"-1\" >\n\t\t\t<div class=\"elementor-post__thumbnail\"><img decoding=\"async\" width=\"768\" height=\"768\" src=\"https:\/\/www.cansugulercin.com\/wp-content\/uploads\/grip-koruma-768x768.jpg\" class=\"attachment-medium_large size-medium_large wp-image-149\" alt=\"\" srcset=\"https:\/\/www.cansugulercin.com\/wp-content\/uploads\/grip-koruma-768x768.jpg 768w, https:\/\/www.cansugulercin.com\/wp-content\/uploads\/grip-koruma-300x300.jpg 300w, https:\/\/www.cansugulercin.com\/wp-content\/uploads\/grip-koruma-1024x1024.jpg 1024w, https:\/\/www.cansugulercin.com\/wp-content\/uploads\/grip-koruma-150x150.jpg 150w, https:\/\/www.cansugulercin.com\/wp-content\/uploads\/grip-koruma.jpg 1080w\" sizes=\"(max-width: 768px) 100vw, 768px\" \/><\/div>\n\t\t<\/a>\n\t\t\t\t<div class=\"elementor-post__text\">\n\t\t\t\t<h3 class=\"elementor-post__title\">\n\t\t\t<a href=\"https:\/\/www.cansugulercin.com\/en\/gripten-nasil-korunuruz\/242\/okuma-kosesi\/\" >\n\t\t\t\tHow do we protect ourselves from the flu?\t\t\t<\/a>\n\t\t<\/h3>\n\t\t\n\t\t<a class=\"elementor-post__read-more\" href=\"https:\/\/www.cansugulercin.com\/en\/gripten-nasil-korunuruz\/242\/okuma-kosesi\/\" aria-label=\"Read more about Gripten Nas\u0131l Korunuruz?\" tabindex=\"-1\" >\n\t\t\tRead\t\t<\/a>\n\n\t\t\t\t<\/div>\n\t\t\t\t<\/article>\n\t\t\t\t<article class=\"elementor-post elementor-grid-item post-254 post type-post status-publish format-standard has-post-thumbnail hentry category-okuma-kosesi\" role=\"listitem\">\n\t\t\t\t<a class=\"elementor-post__thumbnail__link\" href=\"https:\/\/www.cansugulercin.com\/en\/omega-3\/254\/okuma-kosesi\/\" tabindex=\"-1\" >\n\t\t\t<div class=\"elementor-post__thumbnail\"><img loading=\"lazy\" decoding=\"async\" width=\"726\" height=\"480\" src=\"https:\/\/www.cansugulercin.com\/wp-content\/uploads\/omega-3.jpg\" class=\"attachment-medium_large size-medium_large wp-image-164\" alt=\"\" srcset=\"https:\/\/www.cansugulercin.com\/wp-content\/uploads\/omega-3.jpg 726w, https:\/\/www.cansugulercin.com\/wp-content\/uploads\/omega-3-300x198.jpg 300w\" sizes=\"(max-width: 726px) 100vw, 726px\" \/><\/div>\n\t\t<\/a>\n\t\t\t\t<div class=\"elementor-post__text\">\n\t\t\t\t<h3 class=\"elementor-post__title\">\n\t\t\t<a href=\"https:\/\/www.cansugulercin.com\/en\/omega-3\/254\/okuma-kosesi\/\" >\n\t\t\t\tOmega 3\t\t\t<\/a>\n\t\t<\/h3>\n\t\t\n\t\t<a class=\"elementor-post__read-more\" href=\"https:\/\/www.cansugulercin.com\/en\/omega-3\/254\/okuma-kosesi\/\" aria-label=\"Read more about Omega 3\" tabindex=\"-1\" >\n\t\t\tRead\t\t<\/a>\n\n\t\t\t\t<\/div>\n\t\t\t\t<\/article>\n\t\t\t\t<article class=\"elementor-post elementor-grid-item post-298 post type-post status-publish format-standard has-post-thumbnail hentry category-okuma-kosesi\" role=\"listitem\">\n\t\t\t\t<a class=\"elementor-post__thumbnail__link\" href=\"https:\/\/www.cansugulercin.com\/en\/meyve-tuketimine-dikkat\/298\/okuma-kosesi\/\" tabindex=\"-1\" >\n\t\t\t<div class=\"elementor-post__thumbnail\"><img loading=\"lazy\" decoding=\"async\" width=\"768\" height=\"614\" src=\"https:\/\/www.cansugulercin.com\/wp-content\/uploads\/yash-bhoir-8YurioCQBfw-unsplash-768x614.jpg\" class=\"attachment-medium_large size-medium_large wp-image-301\" alt=\"\" srcset=\"https:\/\/www.cansugulercin.com\/wp-content\/uploads\/yash-bhoir-8YurioCQBfw-unsplash-768x614.jpg 768w, https:\/\/www.cansugulercin.com\/wp-content\/uploads\/yash-bhoir-8YurioCQBfw-unsplash-300x240.jpg 300w, https:\/\/www.cansugulercin.com\/wp-content\/uploads\/yash-bhoir-8YurioCQBfw-unsplash-1024x819.jpg 1024w, https:\/\/www.cansugulercin.com\/wp-content\/uploads\/yash-bhoir-8YurioCQBfw-unsplash-1536x1229.jpg 1536w, https:\/\/www.cansugulercin.com\/wp-content\/uploads\/yash-bhoir-8YurioCQBfw-unsplash-2048x1638.jpg 2048w\" sizes=\"(max-width: 768px) 100vw, 768px\" \/><\/div>\n\t\t<\/a>\n\t\t\t\t<div class=\"elementor-post__text\">\n\t\t\t\t<h3 class=\"elementor-post__title\">\n\t\t\t<a href=\"https:\/\/www.cansugulercin.com\/en\/meyve-tuketimine-dikkat\/298\/okuma-kosesi\/\" >\n\t\t\t\tAttention to Fruit Consumption!\t\t\t<\/a>\n\t\t<\/h3>\n\t\t\n\t\t<a class=\"elementor-post__read-more\" href=\"https:\/\/www.cansugulercin.com\/en\/meyve-tuketimine-dikkat\/298\/okuma-kosesi\/\" aria-label=\"Read more about Meyve T\u00fcketimine Dikkat!\" tabindex=\"-1\" >\n\t\t\tRead\t\t<\/a>\n\n\t\t\t\t<\/div>\n\t\t\t\t<\/article>\n\t\t\t\t<article class=\"elementor-post elementor-grid-item post-294 post type-post status-publish format-standard has-post-thumbnail hentry category-okuma-kosesi\" role=\"listitem\">\n\t\t\t\t<a class=\"elementor-post__thumbnail__link\" href=\"https:\/\/www.cansugulercin.com\/en\/depresyon-ve-beslenme\/294\/okuma-kosesi\/\" tabindex=\"-1\" >\n\t\t\t<div class=\"elementor-post__thumbnail\"><img loading=\"lazy\" decoding=\"async\" width=\"679\" height=\"452\" src=\"https:\/\/www.cansugulercin.com\/wp-content\/uploads\/IMG_3443.jpg\" class=\"attachment-medium_large size-medium_large wp-image-296\" alt=\"\" srcset=\"https:\/\/www.cansugulercin.com\/wp-content\/uploads\/IMG_3443.jpg 679w, https:\/\/www.cansugulercin.com\/wp-content\/uploads\/IMG_3443-300x200.jpg 300w\" sizes=\"(max-width: 679px) 100vw, 679px\" \/><\/div>\n\t\t<\/a>\n\t\t\t\t<div class=\"elementor-post__text\">\n\t\t\t\t<h3 class=\"elementor-post__title\">\n\t\t\t<a href=\"https:\/\/www.cansugulercin.com\/en\/depresyon-ve-beslenme\/294\/okuma-kosesi\/\" >\n\t\t\t\tDepression and Nutrition\t\t\t<\/a>\n\t\t<\/h3>\n\t\t\n\t\t<a class=\"elementor-post__read-more\" href=\"https:\/\/www.cansugulercin.com\/en\/depresyon-ve-beslenme\/294\/okuma-kosesi\/\" aria-label=\"Read more about Depresyon ve Beslenme\" tabindex=\"-1\" >\n\t\t\tRead\t\t<\/a>\n\n\t\t\t\t<\/div>\n\t\t\t\t<\/article>\n\t\t\t\t<article class=\"elementor-post elementor-grid-item post-276 post type-post status-publish format-standard has-post-thumbnail hentry category-okuma-kosesi\" role=\"listitem\">\n\t\t\t\t<a class=\"elementor-post__thumbnail__link\" href=\"https:\/\/www.cansugulercin.com\/en\/irade-yonetimi\/276\/okuma-kosesi\/\" tabindex=\"-1\" >\n\t\t\t<div class=\"elementor-post__thumbnail\"><img loading=\"lazy\" decoding=\"async\" width=\"768\" height=\"512\" src=\"https:\/\/www.cansugulercin.com\/wp-content\/uploads\/alex-motoc-v77vc1iAK18-unsplash-768x512.jpg\" class=\"attachment-medium_large size-medium_large wp-image-144\" alt=\"\" srcset=\"https:\/\/www.cansugulercin.com\/wp-content\/uploads\/alex-motoc-v77vc1iAK18-unsplash-768x512.jpg 768w, https:\/\/www.cansugulercin.com\/wp-content\/uploads\/alex-motoc-v77vc1iAK18-unsplash-300x200.jpg 300w, https:\/\/www.cansugulercin.com\/wp-content\/uploads\/alex-motoc-v77vc1iAK18-unsplash-1024x683.jpg 1024w, https:\/\/www.cansugulercin.com\/wp-content\/uploads\/alex-motoc-v77vc1iAK18-unsplash-1536x1024.jpg 1536w, https:\/\/www.cansugulercin.com\/wp-content\/uploads\/alex-motoc-v77vc1iAK18-unsplash-2048x1365.jpg 2048w\" sizes=\"(max-width: 768px) 100vw, 768px\" \/><\/div>\n\t\t<\/a>\n\t\t\t\t<div class=\"elementor-post__text\">\n\t\t\t\t<h3 class=\"elementor-post__title\">\n\t\t\t<a href=\"https:\/\/www.cansugulercin.com\/en\/irade-yonetimi\/276\/okuma-kosesi\/\" >\n\t\t\t\tWill Management\t\t\t<\/a>\n\t\t<\/h3>\n\t\t\n\t\t<a class=\"elementor-post__read-more\" href=\"https:\/\/www.cansugulercin.com\/en\/irade-yonetimi\/276\/okuma-kosesi\/\" aria-label=\"Read more about \u0130rade Y\u00f6netimi\" tabindex=\"-1\" >\n\t\t\tRead\t\t<\/a>\n\n\t\t\t\t<\/div>\n\t\t\t\t<\/article>\n\t\t\t\t<\/div>\n\t\t\n\t\t\t\t\t\t<\/div>\n\t\t\t\t<\/div>\n\t\t\t\t\t<\/div>\n\t\t<\/div>\n\t\t\t\t\t<\/div>\n\t\t<\/section>\n\t\t\t\t<\/div>","protected":false},"excerpt":{"rendered":"<p>Science first for your health...<\/p>","protected":false},"author":1,"featured_media":0,"parent":0,"menu_order":0,"comment_status":"closed","ping_status":"closed","template":"elementor_header_footer","meta":{"footnotes":""},"class_list":["post-115","page","type-page","status-publish","hentry"],"yoast_head":"<!-- This site is optimized with the Yoast SEO plugin v26.6 - https:\/\/yoast.com\/wordpress\/plugins\/seo\/ -->\n<title>Okuma K\u00f6\u015fesi - Cansu G\u00fcler\u00e7in | Diyet Listesi, Beslenme Program\u0131, Diyetisyen Randevu<\/title>\n<meta name=\"robots\" content=\"index, follow, max-snippet:-1, max-image-preview:large, max-video-preview:-1\" \/>\n<link rel=\"canonical\" href=\"https:\/\/www.cansugulercin.com\/en\/okuma-kosesi\/\" \/>\n<meta property=\"og:locale\" content=\"en_US\" \/>\n<meta property=\"og:type\" content=\"article\" \/>\n<meta property=\"og:title\" content=\"Okuma K\u00f6\u015fesi - Cansu G\u00fcler\u00e7in | Diyet Listesi, Beslenme Program\u0131, Diyetisyen Randevu\" \/>\n<meta property=\"og:description\" content=\"Sa\u011fl\u0131k i\u00e7in \u00f6nce bilim&#8230;\" \/>\n<meta property=\"og:url\" content=\"https:\/\/www.cansugulercin.com\/en\/okuma-kosesi\/\" \/>\n<meta property=\"og:site_name\" content=\"Cansu G\u00fcler\u00e7in | Diyet Listesi, Beslenme Program\u0131, Diyetisyen Randevu\" \/>\n<meta property=\"article:publisher\" content=\"https:\/\/www.facebook.com\/uzm.dyt.cansugulercin\" \/>\n<meta property=\"article:modified_time\" content=\"2020-12-01T18:13:25+00:00\" \/>\n<meta name=\"twitter:card\" content=\"summary_large_image\" \/>\n<script type=\"application\/ld+json\" class=\"yoast-schema-graph\">{\"@context\":\"https:\/\/schema.org\",\"@graph\":[{\"@type\":\"WebPage\",\"@id\":\"https:\/\/www.cansugulercin.com\/okuma-kosesi\/\",\"url\":\"https:\/\/www.cansugulercin.com\/okuma-kosesi\/\",\"name\":\"Okuma K\u00f6\u015fesi - Cansu G\u00fcler\u00e7in | Diyet Listesi, Beslenme Program\u0131, Diyetisyen Randevu\",\"isPartOf\":{\"@id\":\"https:\/\/www.cansugulercin.com\/tr\/#website\"},\"datePublished\":\"2020-11-29T11:47:55+00:00\",\"dateModified\":\"2020-12-01T18:13:25+00:00\",\"breadcrumb\":{\"@id\":\"https:\/\/www.cansugulercin.com\/okuma-kosesi\/#breadcrumb\"},\"inLanguage\":\"en-US\",\"potentialAction\":[{\"@type\":\"ReadAction\",\"target\":[\"https:\/\/www.cansugulercin.com\/okuma-kosesi\/\"]}]},{\"@type\":\"BreadcrumbList\",\"@id\":\"https:\/\/www.cansugulercin.com\/okuma-kosesi\/#breadcrumb\",\"itemListElement\":[{\"@type\":\"ListItem\",\"position\":1,\"name\":\"Anasayfa\",\"item\":\"https:\/\/www.cansugulercin.com\/\"},{\"@type\":\"ListItem\",\"position\":2,\"name\":\"Okuma K\u00f6\u015fesi\"}]},{\"@type\":\"WebSite\",\"@id\":\"https:\/\/www.cansugulercin.com\/tr\/#website\",\"url\":\"https:\/\/www.cansugulercin.com\/tr\/\",\"name\":\"Cansu G\u00fcler\u00e7in | Online Diyet Dan\u0131\u015fmanl\u0131\u011f\u0131 - Uzman Diyetisyen & Psikolog\",\"description\":\"Kilo almak, kilo vermek, diyet, sa\u011fl\u0131kl\u0131 beslenme\",\"publisher\":{\"@id\":\"https:\/\/www.cansugulercin.com\/tr\/#organization\"},\"potentialAction\":[{\"@type\":\"SearchAction\",\"target\":{\"@type\":\"EntryPoint\",\"urlTemplate\":\"https:\/\/www.cansugulercin.com\/tr\/?s={search_term_string}\"},\"query-input\":{\"@type\":\"PropertyValueSpecification\",\"valueRequired\":true,\"valueName\":\"search_term_string\"}}],\"inLanguage\":\"en-US\"},{\"@type\":\"Organization\",\"@id\":\"https:\/\/www.cansugulercin.com\/tr\/#organization\",\"name\":\"Cansu G\u00fcler\u00e7in | Online Diyet Dan\u0131\u015fmanl\u0131\u011f\u0131 - Uzman Diyetisyen & Psikolog\",\"url\":\"https:\/\/www.cansugulercin.com\/tr\/\",\"logo\":{\"@type\":\"ImageObject\",\"inLanguage\":\"en-US\",\"@id\":\"https:\/\/www.cansugulercin.com\/tr\/#\/schema\/logo\/image\/\",\"url\":\"https:\/\/www.cansugulercin.com\/wp-content\/uploads\/logo-mini.png\",\"contentUrl\":\"https:\/\/www.cansugulercin.com\/wp-content\/uploads\/logo-mini.png\",\"width\":320,\"height\":65,\"caption\":\"Cansu G\u00fcler\u00e7in | Online Diyet Dan\u0131\u015fmanl\u0131\u011f\u0131 - Uzman Diyetisyen & Psikolog\"},\"image\":{\"@id\":\"https:\/\/www.cansugulercin.com\/tr\/#\/schema\/logo\/image\/\"},\"sameAs\":[\"https:\/\/www.facebook.com\/uzm.dyt.cansugulercin\",\"https:\/\/www.instagram.com\/uzm.dyt.cansugulercin\/\",\"https:\/\/www.linkedin.com\/company\/cansugulercin-com\"]}]}<\/script>\n<!-- \/ Yoast SEO plugin. -->","yoast_head_json":{"title":"Okuma K\u00f6\u015fesi - Cansu G\u00fcler\u00e7in | Diyet Listesi, Beslenme Program\u0131, Diyetisyen Randevu","robots":{"index":"index","follow":"follow","max-snippet":"max-snippet:-1","max-image-preview":"max-image-preview:large","max-video-preview":"max-video-preview:-1"},"canonical":"https:\/\/www.cansugulercin.com\/en\/okuma-kosesi\/","og_locale":"en_US","og_type":"article","og_title":"Okuma K\u00f6\u015fesi - Cansu G\u00fcler\u00e7in | Diyet Listesi, Beslenme Program\u0131, Diyetisyen Randevu","og_description":"Sa\u011fl\u0131k i\u00e7in \u00f6nce bilim&#8230;","og_url":"https:\/\/www.cansugulercin.com\/en\/okuma-kosesi\/","og_site_name":"Cansu G\u00fcler\u00e7in | Diyet Listesi, Beslenme Program\u0131, Diyetisyen Randevu","article_publisher":"https:\/\/www.facebook.com\/uzm.dyt.cansugulercin","article_modified_time":"2020-12-01T18:13:25+00:00","twitter_card":"summary_large_image","schema":{"@context":"https:\/\/schema.org","@graph":[{"@type":"WebPage","@id":"https:\/\/www.cansugulercin.com\/okuma-kosesi\/","url":"https:\/\/www.cansugulercin.com\/okuma-kosesi\/","name":"Okuma K\u00f6\u015fesi - Cansu G\u00fcler\u00e7in | Diyet Listesi, Beslenme Program\u0131, Diyetisyen Randevu","isPartOf":{"@id":"https:\/\/www.cansugulercin.com\/tr\/#website"},"datePublished":"2020-11-29T11:47:55+00:00","dateModified":"2020-12-01T18:13:25+00:00","breadcrumb":{"@id":"https:\/\/www.cansugulercin.com\/okuma-kosesi\/#breadcrumb"},"inLanguage":"en-US","potentialAction":[{"@type":"ReadAction","target":["https:\/\/www.cansugulercin.com\/okuma-kosesi\/"]}]},{"@type":"BreadcrumbList","@id":"https:\/\/www.cansugulercin.com\/okuma-kosesi\/#breadcrumb","itemListElement":[{"@type":"ListItem","position":1,"name":"Anasayfa","item":"https:\/\/www.cansugulercin.com\/"},{"@type":"ListItem","position":2,"name":"Okuma K\u00f6\u015fesi"}]},{"@type":"WebSite","@id":"https:\/\/www.cansugulercin.com\/tr\/#website","url":"https:\/\/www.cansugulercin.com\/tr\/","name":"Cansu G\u00fcler\u00e7in | Online Diyet Dan\u0131\u015fmanl\u0131\u011f\u0131 - Uzman Diyetisyen & Psikolog","description":"Kilo almak, kilo vermek, diyet, sa\u011fl\u0131kl\u0131 beslenme","publisher":{"@id":"https:\/\/www.cansugulercin.com\/tr\/#organization"},"potentialAction":[{"@type":"SearchAction","target":{"@type":"EntryPoint","urlTemplate":"https:\/\/www.cansugulercin.com\/tr\/?s={search_term_string}"},"query-input":{"@type":"PropertyValueSpecification","valueRequired":true,"valueName":"search_term_string"}}],"inLanguage":"en-US"},{"@type":"Organization","@id":"https:\/\/www.cansugulercin.com\/tr\/#organization","name":"Cansu G\u00fcler\u00e7in | Online Diyet Dan\u0131\u015fmanl\u0131\u011f\u0131 - Uzman Diyetisyen & Psikolog","url":"https:\/\/www.cansugulercin.com\/tr\/","logo":{"@type":"ImageObject","inLanguage":"en-US","@id":"https:\/\/www.cansugulercin.com\/tr\/#\/schema\/logo\/image\/","url":"https:\/\/www.cansugulercin.com\/wp-content\/uploads\/logo-mini.png","contentUrl":"https:\/\/www.cansugulercin.com\/wp-content\/uploads\/logo-mini.png","width":320,"height":65,"caption":"Cansu G\u00fcler\u00e7in | Online Diyet Dan\u0131\u015fmanl\u0131\u011f\u0131 - Uzman Diyetisyen & Psikolog"},"image":{"@id":"https:\/\/www.cansugulercin.com\/tr\/#\/schema\/logo\/image\/"},"sameAs":["https:\/\/www.facebook.com\/uzm.dyt.cansugulercin","https:\/\/www.instagram.com\/uzm.dyt.cansugulercin\/","https:\/\/www.linkedin.com\/company\/cansugulercin-com"]}]}},"jetpack_sharing_enabled":true,"_links":{"self":[{"href":"https:\/\/www.cansugulercin.com\/en\/wp-json\/wp\/v2\/pages\/115","targetHints":{"allow":["GET"]}}],"collection":[{"href":"https:\/\/www.cansugulercin.com\/en\/wp-json\/wp\/v2\/pages"}],"about":[{"href":"https:\/\/www.cansugulercin.com\/en\/wp-json\/wp\/v2\/types\/page"}],"author":[{"embeddable":true,"href":"https:\/\/www.cansugulercin.com\/en\/wp-json\/wp\/v2\/users\/1"}],"replies":[{"embeddable":true,"href":"https:\/\/www.cansugulercin.com\/en\/wp-json\/wp\/v2\/comments?post=115"}],"version-history":[{"count":34,"href":"https:\/\/www.cansugulercin.com\/en\/wp-json\/wp\/v2\/pages\/115\/revisions"}],"predecessor-version":[{"id":683,"href":"https:\/\/www.cansugulercin.com\/en\/wp-json\/wp\/v2\/pages\/115\/revisions\/683"}],"wp:attachment":[{"href":"https:\/\/www.cansugulercin.com\/en\/wp-json\/wp\/v2\/media?parent=115"}],"curies":[{"name":"wp","href":"https:\/\/api.w.org\/{rel}","templated":true}]}}