{"id":708,"date":"2020-12-01T21:45:41","date_gmt":"2020-12-01T18:45:41","guid":{"rendered":"https:\/\/www.cansugulercin.com\/?page_id=708"},"modified":"2020-12-01T22:13:14","modified_gmt":"2020-12-01T19:13:14","slug":"minik-cevaplar","status":"publish","type":"page","link":"https:\/\/www.cansugulercin.com\/en\/okuma-kosesi\/minik-cevaplar\/","title":{"rendered":"Hints"},"content":{"rendered":"<div data-elementor-type=\"wp-page\" data-elementor-id=\"708\" class=\"elementor elementor-708\" data-elementor-post-type=\"page\">\n\t\t\t\t\t\t<section class=\"elementor-section elementor-top-section elementor-element elementor-element-1b308e12 elementor-section-full_width elementor-section-height-min-height elementor-section-items-stretch elementor-section-content-middle elementor-reverse-mobile elementor-reverse-tablet elementor-section-height-default\" data-id=\"1b308e12\" data-element_type=\"section\">\n\t\t\t\t\t\t<div class=\"elementor-container elementor-column-gap-no\">\n\t\t\t\t\t<div class=\"elementor-column elementor-col-50 elementor-top-column elementor-element elementor-element-7f25c180\" data-id=\"7f25c180\" data-element_type=\"column\">\n\t\t\t<div class=\"elementor-widget-wrap elementor-element-populated\">\n\t\t\t\t\t\t<div class=\"elementor-element elementor-element-b1d87b animated-fast elementor-invisible elementor-widget elementor-widget-heading\" data-id=\"b1d87b\" data-element_type=\"widget\" data-settings=\"{&quot;_animation&quot;:&quot;fadeIn&quot;}\" data-widget_type=\"heading.default\">\n\t\t\t\t<div class=\"elementor-widget-container\">\n\t\t\t\t\t<h1 class=\"elementor-heading-title elementor-size-default\">Hints<\/h1>\t\t\t\t<\/div>\n\t\t\t\t<\/div>\n\t\t\t\t<div class=\"elementor-element elementor-element-5d456837 elementor-invisible elementor-widget elementor-widget-text-editor\" data-id=\"5d456837\" data-element_type=\"widget\" data-settings=\"{&quot;_animation&quot;:&quot;fadeIn&quot;}\" data-widget_type=\"text-editor.default\">\n\t\t\t\t<div class=\"elementor-widget-container\">\n\t\t\t\t\t\t\t\t\t<p>Akl\u0131n\u0131zdaki minik sorular i\u00e7in&#8230;<\/p>\t\t\t\t\t\t\t\t<\/div>\n\t\t\t\t<\/div>\n\t\t\t\t<div class=\"elementor-element elementor-element-3d32fece elementor-view-stacked elementor-shape-square elementor-widget__width-auto elementor-absolute elementor-hidden-tablet elementor-hidden-phone elementor-invisible elementor-widget elementor-widget-icon\" data-id=\"3d32fece\" data-element_type=\"widget\" data-settings=\"{&quot;_position&quot;:&quot;absolute&quot;,&quot;_animation&quot;:&quot;fadeInDown&quot;,&quot;_animation_delay&quot;:&quot;500&quot;}\" data-widget_type=\"icon.default\">\n\t\t\t\t<div class=\"elementor-widget-container\">\n\t\t\t\t\t\t\t<div class=\"elementor-icon-wrapper\">\n\t\t\t<a class=\"elementor-icon\" href=\"#postgrid\">\n\t\t\t\t\t\t<\/a>\n\t\t<\/div>\n\t\t\t\t\t\t<\/div>\n\t\t\t\t<\/div>\n\t\t\t\t\t<\/div>\n\t\t<\/div>\n\t\t\t\t<div class=\"elementor-column elementor-col-50 elementor-top-column elementor-element elementor-element-6c79607f\" data-id=\"6c79607f\" data-element_type=\"column\" data-settings=\"{&quot;background_background&quot;:&quot;classic&quot;}\">\n\t\t\t<div class=\"elementor-widget-wrap elementor-element-populated\">\n\t\t\t\t\t\t<div class=\"elementor-element elementor-element-602b8c8b elementor-widget elementor-widget-spacer\" data-id=\"602b8c8b\" data-element_type=\"widget\" data-widget_type=\"spacer.default\">\n\t\t\t\t<div class=\"elementor-widget-container\">\n\t\t\t\t\t\t\t<div class=\"elementor-spacer\">\n\t\t\t<div class=\"elementor-spacer-inner\"><\/div>\n\t\t<\/div>\n\t\t\t\t\t\t<\/div>\n\t\t\t\t<\/div>\n\t\t\t\t\t<\/div>\n\t\t<\/div>\n\t\t\t\t\t<\/div>\n\t\t<\/section>\n\t\t\t\t<section class=\"elementor-section elementor-top-section elementor-element elementor-element-8c71daf elementor-section-boxed elementor-section-height-default elementor-section-height-default\" data-id=\"8c71daf\" data-element_type=\"section\">\n\t\t\t\t\t\t<div class=\"elementor-container elementor-column-gap-default\">\n\t\t\t\t\t<div class=\"elementor-column elementor-col-100 elementor-top-column elementor-element elementor-element-5f944c0\" data-id=\"5f944c0\" data-element_type=\"column\">\n\t\t\t<div class=\"elementor-widget-wrap elementor-element-populated\">\n\t\t\t\t\t\t<div class=\"elementor-element elementor-element-5310c03 elementor-grid-3 elementor-grid-tablet-2 elementor-grid-mobile-1 elementor-posts--thumbnail-top elementor-widget elementor-widget-posts\" data-id=\"5310c03\" data-element_type=\"widget\" data-settings=\"{&quot;classic_columns&quot;:&quot;3&quot;,&quot;classic_columns_tablet&quot;:&quot;2&quot;,&quot;classic_columns_mobile&quot;:&quot;1&quot;,&quot;classic_row_gap&quot;:{&quot;unit&quot;:&quot;px&quot;,&quot;size&quot;:35,&quot;sizes&quot;:[]},&quot;classic_row_gap_tablet&quot;:{&quot;unit&quot;:&quot;px&quot;,&quot;size&quot;:&quot;&quot;,&quot;sizes&quot;:[]},&quot;classic_row_gap_mobile&quot;:{&quot;unit&quot;:&quot;px&quot;,&quot;size&quot;:&quot;&quot;,&quot;sizes&quot;:[]}}\" data-widget_type=\"posts.classic\">\n\t\t\t\t<div class=\"elementor-widget-container\">\n\t\t\t\t\t\t\t<div class=\"elementor-posts-container elementor-posts elementor-posts--skin-classic elementor-grid\" role=\"list\">\n\t\t\t\t<article class=\"elementor-post elementor-grid-item post-262 post type-post status-publish format-standard has-post-thumbnail hentry category-minik-cevaplar\" role=\"listitem\">\n\t\t\t\t<a class=\"elementor-post__thumbnail__link\" href=\"https:\/\/www.cansugulercin.com\/en\/zayiflarken-ekmek-yenir-mi\/262\/minik-cevaplar\/\" tabindex=\"-1\" >\n\t\t\t<div class=\"elementor-post__thumbnail\"><img fetchpriority=\"high\" decoding=\"async\" width=\"768\" height=\"768\" src=\"https:\/\/www.cansugulercin.com\/wp-content\/uploads\/ekmek-768x768.png\" class=\"attachment-medium_large size-medium_large wp-image-168\" alt=\"\" srcset=\"https:\/\/www.cansugulercin.com\/wp-content\/uploads\/ekmek-768x768.png 768w, https:\/\/www.cansugulercin.com\/wp-content\/uploads\/ekmek-300x300.png 300w, https:\/\/www.cansugulercin.com\/wp-content\/uploads\/ekmek-1024x1024.png 1024w, https:\/\/www.cansugulercin.com\/wp-content\/uploads\/ekmek-150x150.png 150w, https:\/\/www.cansugulercin.com\/wp-content\/uploads\/ekmek.png 1080w\" sizes=\"(max-width: 768px) 100vw, 768px\" \/><\/div>\n\t\t<\/a>\n\t\t\t\t<div class=\"elementor-post__text\">\n\t\t\t\t<\/div>\n\t\t\t\t<\/article>\n\t\t\t\t<article class=\"elementor-post elementor-grid-item post-285 post type-post status-publish format-standard has-post-thumbnail hentry category-minik-cevaplar\" role=\"listitem\">\n\t\t\t\t<a class=\"elementor-post__thumbnail__link\" href=\"https:\/\/www.cansugulercin.com\/en\/neden-protein\/285\/minik-cevaplar\/\" tabindex=\"-1\" >\n\t\t\t<div class=\"elementor-post__thumbnail\"><img decoding=\"async\" width=\"768\" height=\"768\" src=\"https:\/\/www.cansugulercin.com\/wp-content\/uploads\/37-768x768.png\" class=\"attachment-medium_large size-medium_large wp-image-291\" alt=\"\" srcset=\"https:\/\/www.cansugulercin.com\/wp-content\/uploads\/37-768x768.png 768w, https:\/\/www.cansugulercin.com\/wp-content\/uploads\/37-300x300.png 300w, https:\/\/www.cansugulercin.com\/wp-content\/uploads\/37-1024x1024.png 1024w, https:\/\/www.cansugulercin.com\/wp-content\/uploads\/37-150x150.png 150w, https:\/\/www.cansugulercin.com\/wp-content\/uploads\/37.png 1080w\" sizes=\"(max-width: 768px) 100vw, 768px\" \/><\/div>\n\t\t<\/a>\n\t\t\t\t<div class=\"elementor-post__text\">\n\t\t\t\t<\/div>\n\t\t\t\t<\/article>\n\t\t\t\t<article class=\"elementor-post elementor-grid-item post-267 post type-post status-publish format-standard has-post-thumbnail hentry category-minik-cevaplar\" role=\"listitem\">\n\t\t\t\t<a class=\"elementor-post__thumbnail__link\" href=\"https:\/\/www.cansugulercin.com\/en\/diyette-lahmacun-yenir-mi\/267\/minik-cevaplar\/\" tabindex=\"-1\" >\n\t\t\t<div class=\"elementor-post__thumbnail\"><img decoding=\"async\" width=\"768\" height=\"768\" src=\"https:\/\/www.cansugulercin.com\/wp-content\/uploads\/lahmacun-768x768.png\" class=\"attachment-medium_large size-medium_large wp-image-169\" alt=\"\" srcset=\"https:\/\/www.cansugulercin.com\/wp-content\/uploads\/lahmacun-768x768.png 768w, https:\/\/www.cansugulercin.com\/wp-content\/uploads\/lahmacun-300x300.png 300w, https:\/\/www.cansugulercin.com\/wp-content\/uploads\/lahmacun-1024x1024.png 1024w, https:\/\/www.cansugulercin.com\/wp-content\/uploads\/lahmacun-150x150.png 150w, https:\/\/www.cansugulercin.com\/wp-content\/uploads\/lahmacun.png 1080w\" sizes=\"(max-width: 768px) 100vw, 768px\" \/><\/div>\n\t\t<\/a>\n\t\t\t\t<div class=\"elementor-post__text\">\n\t\t\t\t<\/div>\n\t\t\t\t<\/article>\n\t\t\t\t<article class=\"elementor-post elementor-grid-item post-270 post type-post status-publish format-standard has-post-thumbnail hentry category-minik-cevaplar\" role=\"listitem\">\n\t\t\t\t<a class=\"elementor-post__thumbnail__link\" href=\"https:\/\/www.cansugulercin.com\/en\/porsiyonumu-nasil-kontrol-ederim\/270\/minik-cevaplar\/\" tabindex=\"-1\" >\n\t\t\t<div class=\"elementor-post__thumbnail\"><img loading=\"lazy\" decoding=\"async\" width=\"768\" height=\"768\" src=\"https:\/\/www.cansugulercin.com\/wp-content\/uploads\/porsiyon-kontrolu\u0308-768x768.png\" class=\"attachment-medium_large size-medium_large wp-image-173\" alt=\"\" srcset=\"https:\/\/www.cansugulercin.com\/wp-content\/uploads\/porsiyon-kontrolu\u0308-768x768.png 768w, https:\/\/www.cansugulercin.com\/wp-content\/uploads\/porsiyon-kontrolu\u0308-300x300.png 300w, https:\/\/www.cansugulercin.com\/wp-content\/uploads\/porsiyon-kontrolu\u0308-1024x1024.png 1024w, https:\/\/www.cansugulercin.com\/wp-content\/uploads\/porsiyon-kontrolu\u0308-150x150.png 150w, https:\/\/www.cansugulercin.com\/wp-content\/uploads\/porsiyon-kontrolu\u0308.png 1080w\" sizes=\"(max-width: 768px) 100vw, 768px\" \/><\/div>\n\t\t<\/a>\n\t\t\t\t<div class=\"elementor-post__text\">\n\t\t\t\t<\/div>\n\t\t\t\t<\/article>\n\t\t\t\t<\/div>\n\t\t\n\t\t\t\t\t\t<\/div>\n\t\t\t\t<\/div>\n\t\t\t\t\t<\/div>\n\t\t<\/div>\n\t\t\t\t\t<\/div>\n\t\t<\/section>\n\t\t\t\t<\/div>","protected":false},"excerpt":{"rendered":"<p>Minik Cevaplar Akl\u0131n\u0131zdaki minik sorular i\u00e7in&#8230;<\/p>","protected":false},"author":1,"featured_media":0,"parent":115,"menu_order":0,"comment_status":"closed","ping_status":"closed","template":"elementor_header_footer","meta":{"footnotes":""},"class_list":["post-708","page","type-page","status-publish","hentry"],"yoast_head":"<!-- This site is optimized with the Yoast SEO plugin v26.6 - https:\/\/yoast.com\/wordpress\/plugins\/seo\/ -->\n<title>Minik Cevaplar - Cansu G\u00fcler\u00e7in | Diyet Listesi, Beslenme Program\u0131, Diyetisyen Randevu<\/title>\n<meta name=\"robots\" content=\"index, follow, max-snippet:-1, max-image-preview:large, max-video-preview:-1\" \/>\n<link rel=\"canonical\" href=\"https:\/\/www.cansugulercin.com\/en\/okuma-kosesi\/minik-cevaplar\/\" \/>\n<meta property=\"og:locale\" content=\"en_US\" \/>\n<meta property=\"og:type\" content=\"article\" \/>\n<meta property=\"og:title\" content=\"Minik Cevaplar - Cansu G\u00fcler\u00e7in | Diyet Listesi, Beslenme Program\u0131, Diyetisyen Randevu\" \/>\n<meta property=\"og:description\" content=\"Minik Cevaplar Akl\u0131n\u0131zdaki minik sorular i\u00e7in&#8230;\" \/>\n<meta property=\"og:url\" content=\"https:\/\/www.cansugulercin.com\/en\/okuma-kosesi\/minik-cevaplar\/\" \/>\n<meta property=\"og:site_name\" content=\"Cansu G\u00fcler\u00e7in | Diyet Listesi, Beslenme Program\u0131, Diyetisyen Randevu\" \/>\n<meta property=\"article:publisher\" content=\"https:\/\/www.facebook.com\/uzm.dyt.cansugulercin\" \/>\n<meta property=\"article:modified_time\" content=\"2020-12-01T19:13:14+00:00\" \/>\n<meta name=\"twitter:card\" content=\"summary_large_image\" \/>\n<script type=\"application\/ld+json\" class=\"yoast-schema-graph\">{\"@context\":\"https:\/\/schema.org\",\"@graph\":[{\"@type\":\"WebPage\",\"@id\":\"https:\/\/www.cansugulercin.com\/okuma-kosesi\/minik-cevaplar\/\",\"url\":\"https:\/\/www.cansugulercin.com\/okuma-kosesi\/minik-cevaplar\/\",\"name\":\"Minik Cevaplar - Cansu G\u00fcler\u00e7in | Diyet Listesi, Beslenme Program\u0131, Diyetisyen Randevu\",\"isPartOf\":{\"@id\":\"https:\/\/www.cansugulercin.com\/tr\/#website\"},\"datePublished\":\"2020-12-01T18:45:41+00:00\",\"dateModified\":\"2020-12-01T19:13:14+00:00\",\"breadcrumb\":{\"@id\":\"https:\/\/www.cansugulercin.com\/okuma-kosesi\/minik-cevaplar\/#breadcrumb\"},\"inLanguage\":\"en-US\",\"potentialAction\":[{\"@type\":\"ReadAction\",\"target\":[\"https:\/\/www.cansugulercin.com\/okuma-kosesi\/minik-cevaplar\/\"]}]},{\"@type\":\"BreadcrumbList\",\"@id\":\"https:\/\/www.cansugulercin.com\/okuma-kosesi\/minik-cevaplar\/#breadcrumb\",\"itemListElement\":[{\"@type\":\"ListItem\",\"position\":1,\"name\":\"Anasayfa\",\"item\":\"https:\/\/www.cansugulercin.com\/\"},{\"@type\":\"ListItem\",\"position\":2,\"name\":\"Okuma K\u00f6\u015fesi\",\"item\":\"https:\/\/www.cansugulercin.com\/okuma-kosesi\/\"},{\"@type\":\"ListItem\",\"position\":3,\"name\":\"Minik Cevaplar\"}]},{\"@type\":\"WebSite\",\"@id\":\"https:\/\/www.cansugulercin.com\/tr\/#website\",\"url\":\"https:\/\/www.cansugulercin.com\/tr\/\",\"name\":\"Cansu G\u00fcler\u00e7in | Online Diyet Dan\u0131\u015fmanl\u0131\u011f\u0131 - Uzman Diyetisyen & Psikolog\",\"description\":\"Kilo almak, kilo vermek, diyet, sa\u011fl\u0131kl\u0131 beslenme\",\"publisher\":{\"@id\":\"https:\/\/www.cansugulercin.com\/tr\/#organization\"},\"potentialAction\":[{\"@type\":\"SearchAction\",\"target\":{\"@type\":\"EntryPoint\",\"urlTemplate\":\"https:\/\/www.cansugulercin.com\/tr\/?s={search_term_string}\"},\"query-input\":{\"@type\":\"PropertyValueSpecification\",\"valueRequired\":true,\"valueName\":\"search_term_string\"}}],\"inLanguage\":\"en-US\"},{\"@type\":\"Organization\",\"@id\":\"https:\/\/www.cansugulercin.com\/tr\/#organization\",\"name\":\"Cansu G\u00fcler\u00e7in | Online Diyet Dan\u0131\u015fmanl\u0131\u011f\u0131 - Uzman Diyetisyen & Psikolog\",\"url\":\"https:\/\/www.cansugulercin.com\/tr\/\",\"logo\":{\"@type\":\"ImageObject\",\"inLanguage\":\"en-US\",\"@id\":\"https:\/\/www.cansugulercin.com\/tr\/#\/schema\/logo\/image\/\",\"url\":\"https:\/\/www.cansugulercin.com\/wp-content\/uploads\/logo-mini.png\",\"contentUrl\":\"https:\/\/www.cansugulercin.com\/wp-content\/uploads\/logo-mini.png\",\"width\":320,\"height\":65,\"caption\":\"Cansu G\u00fcler\u00e7in | Online Diyet Dan\u0131\u015fmanl\u0131\u011f\u0131 - Uzman Diyetisyen & Psikolog\"},\"image\":{\"@id\":\"https:\/\/www.cansugulercin.com\/tr\/#\/schema\/logo\/image\/\"},\"sameAs\":[\"https:\/\/www.facebook.com\/uzm.dyt.cansugulercin\",\"https:\/\/www.instagram.com\/uzm.dyt.cansugulercin\/\",\"https:\/\/www.linkedin.com\/company\/cansugulercin-com\"]}]}<\/script>\n<!-- \/ Yoast SEO plugin. -->","yoast_head_json":{"title":"Minik Cevaplar - Cansu G\u00fcler\u00e7in | Diyet Listesi, Beslenme Program\u0131, Diyetisyen Randevu","robots":{"index":"index","follow":"follow","max-snippet":"max-snippet:-1","max-image-preview":"max-image-preview:large","max-video-preview":"max-video-preview:-1"},"canonical":"https:\/\/www.cansugulercin.com\/en\/okuma-kosesi\/minik-cevaplar\/","og_locale":"en_US","og_type":"article","og_title":"Minik Cevaplar - Cansu G\u00fcler\u00e7in | Diyet Listesi, Beslenme Program\u0131, Diyetisyen Randevu","og_description":"Minik Cevaplar Akl\u0131n\u0131zdaki minik sorular i\u00e7in&#8230;","og_url":"https:\/\/www.cansugulercin.com\/en\/okuma-kosesi\/minik-cevaplar\/","og_site_name":"Cansu G\u00fcler\u00e7in | Diyet Listesi, Beslenme Program\u0131, Diyetisyen Randevu","article_publisher":"https:\/\/www.facebook.com\/uzm.dyt.cansugulercin","article_modified_time":"2020-12-01T19:13:14+00:00","twitter_card":"summary_large_image","schema":{"@context":"https:\/\/schema.org","@graph":[{"@type":"WebPage","@id":"https:\/\/www.cansugulercin.com\/okuma-kosesi\/minik-cevaplar\/","url":"https:\/\/www.cansugulercin.com\/okuma-kosesi\/minik-cevaplar\/","name":"Minik Cevaplar - Cansu G\u00fcler\u00e7in | Diyet Listesi, Beslenme Program\u0131, Diyetisyen Randevu","isPartOf":{"@id":"https:\/\/www.cansugulercin.com\/tr\/#website"},"datePublished":"2020-12-01T18:45:41+00:00","dateModified":"2020-12-01T19:13:14+00:00","breadcrumb":{"@id":"https:\/\/www.cansugulercin.com\/okuma-kosesi\/minik-cevaplar\/#breadcrumb"},"inLanguage":"en-US","potentialAction":[{"@type":"ReadAction","target":["https:\/\/www.cansugulercin.com\/okuma-kosesi\/minik-cevaplar\/"]}]},{"@type":"BreadcrumbList","@id":"https:\/\/www.cansugulercin.com\/okuma-kosesi\/minik-cevaplar\/#breadcrumb","itemListElement":[{"@type":"ListItem","position":1,"name":"Anasayfa","item":"https:\/\/www.cansugulercin.com\/"},{"@type":"ListItem","position":2,"name":"Okuma K\u00f6\u015fesi","item":"https:\/\/www.cansugulercin.com\/okuma-kosesi\/"},{"@type":"ListItem","position":3,"name":"Minik Cevaplar"}]},{"@type":"WebSite","@id":"https:\/\/www.cansugulercin.com\/tr\/#website","url":"https:\/\/www.cansugulercin.com\/tr\/","name":"Cansu G\u00fcler\u00e7in | Online Diyet Dan\u0131\u015fmanl\u0131\u011f\u0131 - Uzman Diyetisyen & Psikolog","description":"Kilo almak, kilo vermek, diyet, sa\u011fl\u0131kl\u0131 beslenme","publisher":{"@id":"https:\/\/www.cansugulercin.com\/tr\/#organization"},"potentialAction":[{"@type":"SearchAction","target":{"@type":"EntryPoint","urlTemplate":"https:\/\/www.cansugulercin.com\/tr\/?s={search_term_string}"},"query-input":{"@type":"PropertyValueSpecification","valueRequired":true,"valueName":"search_term_string"}}],"inLanguage":"en-US"},{"@type":"Organization","@id":"https:\/\/www.cansugulercin.com\/tr\/#organization","name":"Cansu G\u00fcler\u00e7in | Online Diyet Dan\u0131\u015fmanl\u0131\u011f\u0131 - Uzman Diyetisyen & Psikolog","url":"https:\/\/www.cansugulercin.com\/tr\/","logo":{"@type":"ImageObject","inLanguage":"en-US","@id":"https:\/\/www.cansugulercin.com\/tr\/#\/schema\/logo\/image\/","url":"https:\/\/www.cansugulercin.com\/wp-content\/uploads\/logo-mini.png","contentUrl":"https:\/\/www.cansugulercin.com\/wp-content\/uploads\/logo-mini.png","width":320,"height":65,"caption":"Cansu G\u00fcler\u00e7in | Online Diyet Dan\u0131\u015fmanl\u0131\u011f\u0131 - Uzman Diyetisyen & Psikolog"},"image":{"@id":"https:\/\/www.cansugulercin.com\/tr\/#\/schema\/logo\/image\/"},"sameAs":["https:\/\/www.facebook.com\/uzm.dyt.cansugulercin","https:\/\/www.instagram.com\/uzm.dyt.cansugulercin\/","https:\/\/www.linkedin.com\/company\/cansugulercin-com"]}]}},"jetpack_sharing_enabled":true,"_links":{"self":[{"href":"https:\/\/www.cansugulercin.com\/en\/wp-json\/wp\/v2\/pages\/708","targetHints":{"allow":["GET"]}}],"collection":[{"href":"https:\/\/www.cansugulercin.com\/en\/wp-json\/wp\/v2\/pages"}],"about":[{"href":"https:\/\/www.cansugulercin.com\/en\/wp-json\/wp\/v2\/types\/page"}],"author":[{"embeddable":true,"href":"https:\/\/www.cansugulercin.com\/en\/wp-json\/wp\/v2\/users\/1"}],"replies":[{"embeddable":true,"href":"https:\/\/www.cansugulercin.com\/en\/wp-json\/wp\/v2\/comments?post=708"}],"version-history":[{"count":11,"href":"https:\/\/www.cansugulercin.com\/en\/wp-json\/wp\/v2\/pages\/708\/revisions"}],"predecessor-version":[{"id":732,"href":"https:\/\/www.cansugulercin.com\/en\/wp-json\/wp\/v2\/pages\/708\/revisions\/732"}],"up":[{"embeddable":true,"href":"https:\/\/www.cansugulercin.com\/en\/wp-json\/wp\/v2\/pages\/115"}],"wp:attachment":[{"href":"https:\/\/www.cansugulercin.com\/en\/wp-json\/wp\/v2\/media?parent=708"}],"curies":[{"name":"wp","href":"https:\/\/api.w.org\/{rel}","templated":true}]}}