{"id":110,"date":"2020-11-24T18:35:32","date_gmt":"2020-11-24T15:35:32","guid":{"rendered":"https:\/\/www.cansugulercin.com\/?page_id=110"},"modified":"2022-12-11T16:23:44","modified_gmt":"2022-12-11T13:23:44","slug":"hakkimda","status":"publish","type":"page","link":"https:\/\/www.cansugulercin.com\/tr\/hakkimda\/","title":{"rendered":"Hakk\u0131mda"},"content":{"rendered":"\t\t<div data-elementor-type=\"wp-page\" data-elementor-id=\"110\" class=\"elementor elementor-110\" data-elementor-post-type=\"page\">\n\t\t\t\t\t\t<section class=\"elementor-section elementor-top-section elementor-element elementor-element-1c2354fd elementor-section-full_width elementor-section-height-min-height elementor-section-items-stretch elementor-section-content-middle elementor-reverse-mobile elementor-reverse-tablet elementor-section-height-default\" data-id=\"1c2354fd\" data-element_type=\"section\">\n\t\t\t\t\t\t<div class=\"elementor-container elementor-column-gap-no\">\n\t\t\t\t\t<div class=\"elementor-column elementor-col-50 elementor-top-column elementor-element elementor-element-4b81aa09\" data-id=\"4b81aa09\" data-element_type=\"column\">\n\t\t\t<div class=\"elementor-widget-wrap elementor-element-populated\">\n\t\t\t\t\t\t<div class=\"elementor-element elementor-element-11326160 animated-fast elementor-invisible elementor-widget elementor-widget-heading\" data-id=\"11326160\" data-element_type=\"widget\" data-settings=\"{&quot;_animation&quot;:&quot;fadeIn&quot;}\" data-widget_type=\"heading.default\">\n\t\t\t\t<div class=\"elementor-widget-container\">\n\t\t\t\t\t<h1 class=\"elementor-heading-title elementor-size-xxl\">Cansu G\u00fcler\u00e7in \u015eeney, MSc<\/h1>\t\t\t\t<\/div>\n\t\t\t\t<\/div>\n\t\t\t\t<div class=\"elementor-element elementor-element-6af49afc elementor-invisible elementor-widget elementor-widget-heading\" data-id=\"6af49afc\" data-element_type=\"widget\" data-settings=\"{&quot;_animation&quot;:&quot;fadeIn&quot;}\" data-widget_type=\"heading.default\">\n\t\t\t\t<div class=\"elementor-widget-container\">\n\t\t\t\t\t<h4 class=\"elementor-heading-title elementor-size-default\">uzman diyetisyen &amp; psikolog<\/h4>\t\t\t\t<\/div>\n\t\t\t\t<\/div>\n\t\t\t\t<div class=\"elementor-element elementor-element-2492f811 elementor-invisible elementor-widget elementor-widget-text-editor\" data-id=\"2492f811\" data-element_type=\"widget\" data-settings=\"{&quot;_animation&quot;:&quot;fadeIn&quot;}\" data-widget_type=\"text-editor.default\">\n\t\t\t\t<div class=\"elementor-widget-container\">\n\t\t\t\t\t\t\t\t\t<p>Yeditepe \u00dcniversitesi Beslenme ve Diyetetik b\u00f6l\u00fcm\u00fcnden ba\u015far\u0131yla mezun olduktan sonra yine ayn\u0131 \u00fcniversitede 2014 y\u0131l\u0131nda \u00e7ift anadal program\u0131 ile ba\u015flad\u0131\u011f\u0131m Psikoloji e\u011fitimime devam ederken Klinik Beslenme Yu\u0308ksek Lisans program\u0131na ba\u015flad\u0131m. Psikoloji e\u011fitimimi tamamlad\u0131ktan sonra nutrigenetik alan\u0131ndaki \u00e7al\u0131\u015fmalar\u0131mla gen-besin etkile\u015fimleri, hastal\u0131k risklerinin kontrol\u00fcnde beslenme ve besin desteklerinin rol\u00fc gibi 21. y\u00fczy\u0131lda beslenme alanlar\u0131nda yeni ufuklar a\u00e7an konularda kendimi geli\u015ftirerek mesleki hayat\u0131m i\u00e7in de\u011ferli ad\u0131mlar att\u0131m. Klinik Beslenme Y\u00fcksek Lisans e\u011fitimimi ise \u201c\u00dcniversite \u00f6\u011frencilerinde s\u0131nav d\u00f6nemindeki kayg\u0131 d\u00fczeyi ile beslenme davran\u0131\u015flar\u0131 aras\u0131ndaki ili\u015fkinin incelenmesi\u201d konulu tez \u00e7al\u0131\u015fmamla kayg\u0131n\u0131n beslenme al\u0131\u015fkanl\u0131klar\u0131m\u0131z\u0131 nas\u0131l etkiledi\u011fini \u00f6zellikle \u00f6\u011frencilerde ne gibi sonu\u00e7lar do\u011furdu\u011funa y\u00f6nelik detayl\u0131 ara\u015ft\u0131rmalar yaparak bitirdim. Biruni \u00dcniversite Hastanesi&#8217;nde 1,5 y\u0131l boyunca Bariatrik Cerrahi alan\u0131nda Obezite ve Metabolik Cerrahi Diyetisyeni olarak \u00e7al\u0131\u015farak bu alandaki tecr\u00fcbelerimle hastalar\u0131m\u0131n s\u00fcre\u00e7 y\u00f6netiminde destek oldum.<\/p>\t\t\t\t\t\t\t\t<\/div>\n\t\t\t\t<\/div>\n\t\t\t\t<div class=\"elementor-element elementor-element-3c7db43e elementor-view-stacked elementor-shape-square elementor-widget__width-auto elementor-absolute elementor-hidden-phone animated-slow elementor-invisible elementor-widget elementor-widget-icon\" data-id=\"3c7db43e\" data-element_type=\"widget\" data-settings=\"{&quot;_position&quot;:&quot;absolute&quot;,&quot;_animation&quot;:&quot;fadeInDown&quot;,&quot;_animation_delay&quot;:&quot;500&quot;}\" data-widget_type=\"icon.default\">\n\t\t\t\t<div class=\"elementor-widget-container\">\n\t\t\t\t\t\t\t<div class=\"elementor-icon-wrapper\">\n\t\t\t<a class=\"elementor-icon\" href=\"#credentials\">\n\t\t\t\t\t\t<\/a>\n\t\t<\/div>\n\t\t\t\t\t\t<\/div>\n\t\t\t\t<\/div>\n\t\t\t\t\t<\/div>\n\t\t<\/div>\n\t\t\t\t<div class=\"elementor-column elementor-col-50 elementor-top-column elementor-element elementor-element-2c5e813a\" data-id=\"2c5e813a\" data-element_type=\"column\" data-settings=\"{&quot;background_background&quot;:&quot;classic&quot;}\">\n\t\t\t<div class=\"elementor-widget-wrap elementor-element-populated\">\n\t\t\t\t\t\t<div class=\"elementor-element elementor-element-5c463803 elementor-widget elementor-widget-spacer\" data-id=\"5c463803\" data-element_type=\"widget\" data-widget_type=\"spacer.default\">\n\t\t\t\t<div class=\"elementor-widget-container\">\n\t\t\t\t\t\t\t<div class=\"elementor-spacer\">\n\t\t\t<div class=\"elementor-spacer-inner\"><\/div>\n\t\t<\/div>\n\t\t\t\t\t\t<\/div>\n\t\t\t\t<\/div>\n\t\t\t\t\t<\/div>\n\t\t<\/div>\n\t\t\t\t\t<\/div>\n\t\t<\/section>\n\t\t\t\t<section class=\"elementor-section elementor-top-section elementor-element elementor-element-36bf555c elementor-section-items-stretch elementor-section-content-bottom elementor-section-height-min-height elementor-section-boxed elementor-section-height-default\" data-id=\"36bf555c\" data-element_type=\"section\" id=\"credentials\">\n\t\t\t\t\t\t<div class=\"elementor-container elementor-column-gap-no\">\n\t\t\t\t\t<div class=\"elementor-column elementor-col-100 elementor-top-column elementor-element elementor-element-455f4a9e\" data-id=\"455f4a9e\" data-element_type=\"column\" data-settings=\"{&quot;background_background&quot;:&quot;classic&quot;}\">\n\t\t\t<div class=\"elementor-widget-wrap elementor-element-populated\">\n\t\t\t\t\t\t<div class=\"elementor-element elementor-element-d0cc709 elementor-widget elementor-widget-spacer\" data-id=\"d0cc709\" data-element_type=\"widget\" data-widget_type=\"spacer.default\">\n\t\t\t\t<div class=\"elementor-widget-container\">\n\t\t\t\t\t\t\t<div class=\"elementor-spacer\">\n\t\t\t<div class=\"elementor-spacer-inner\"><\/div>\n\t\t<\/div>\n\t\t\t\t\t\t<\/div>\n\t\t\t\t<\/div>\n\t\t\t\t<div class=\"elementor-element elementor-element-b075f78 elementor-widget-divider--view-line elementor-widget elementor-widget-divider\" data-id=\"b075f78\" data-element_type=\"widget\" data-widget_type=\"divider.default\">\n\t\t\t\t<div class=\"elementor-widget-container\">\n\t\t\t\t\t\t\t<div class=\"elementor-divider\">\n\t\t\t<span class=\"elementor-divider-separator\">\n\t\t\t\t\t\t<\/span>\n\t\t<\/div>\n\t\t\t\t\t\t<\/div>\n\t\t\t\t<\/div>\n\t\t\t\t<div class=\"elementor-element elementor-element-725d702 elementor-widget elementor-widget-spacer\" data-id=\"725d702\" data-element_type=\"widget\" data-widget_type=\"spacer.default\">\n\t\t\t\t<div class=\"elementor-widget-container\">\n\t\t\t\t\t\t\t<div class=\"elementor-spacer\">\n\t\t\t<div class=\"elementor-spacer-inner\"><\/div>\n\t\t<\/div>\n\t\t\t\t\t\t<\/div>\n\t\t\t\t<\/div>\n\t\t\t\t<div class=\"elementor-element elementor-element-4faaf81f elementor-invisible elementor-widget elementor-widget-heading\" data-id=\"4faaf81f\" data-element_type=\"widget\" data-settings=\"{&quot;_animation&quot;:&quot;fadeInUp&quot;,&quot;_animation_mobile&quot;:&quot;none&quot;}\" data-widget_type=\"heading.default\">\n\t\t\t\t<div class=\"elementor-widget-container\">\n\t\t\t\t\t<h2 class=\"elementor-heading-title elementor-size-default\">Mesleki Kimlik<\/h2>\t\t\t\t<\/div>\n\t\t\t\t<\/div>\n\t\t\t\t<section class=\"elementor-section elementor-inner-section elementor-element elementor-element-62af4191 elementor-section-full_width elementor-section-height-default elementor-section-height-default\" data-id=\"62af4191\" data-element_type=\"section\">\n\t\t\t\t\t\t<div class=\"elementor-container elementor-column-gap-no\">\n\t\t\t\t\t<div class=\"elementor-column elementor-col-33 elementor-inner-column elementor-element elementor-element-38e26681 animated-fast elementor-invisible\" data-id=\"38e26681\" data-element_type=\"column\" data-settings=\"{&quot;animation&quot;:&quot;fadeIn&quot;,&quot;animation_delay&quot;:&quot;200&quot;,&quot;animation_mobile&quot;:&quot;none&quot;}\">\n\t\t\t<div class=\"elementor-widget-wrap elementor-element-populated\">\n\t\t\t\t\t\t<div class=\"elementor-element elementor-element-5e9e058 elementor-widget elementor-widget-heading\" data-id=\"5e9e058\" data-element_type=\"widget\" data-widget_type=\"heading.default\">\n\t\t\t\t<div class=\"elementor-widget-container\">\n\t\t\t\t\t<h3 class=\"elementor-heading-title elementor-size-default\">Sertifikalar<\/h3>\t\t\t\t<\/div>\n\t\t\t\t<\/div>\n\t\t\t\t<div class=\"elementor-element elementor-element-1dc0c6fe elementor-widget-divider--view-line elementor-widget elementor-widget-divider\" data-id=\"1dc0c6fe\" data-element_type=\"widget\" data-widget_type=\"divider.default\">\n\t\t\t\t<div class=\"elementor-widget-container\">\n\t\t\t\t\t\t\t<div class=\"elementor-divider\">\n\t\t\t<span class=\"elementor-divider-separator\">\n\t\t\t\t\t\t<\/span>\n\t\t<\/div>\n\t\t\t\t\t\t<\/div>\n\t\t\t\t<\/div>\n\t\t\t\t<div class=\"elementor-element elementor-element-27448cae elementor-invisible elementor-widget elementor-widget-text-editor\" data-id=\"27448cae\" data-element_type=\"widget\" data-settings=\"{&quot;_animation&quot;:&quot;fadeIn&quot;}\" data-widget_type=\"text-editor.default\">\n\t\t\t\t<div class=\"elementor-widget-container\">\n\t\t\t\t\t\t\t\t\t<ul>\n<li>Nutrition and Lifestyle in Pregnancy<\/li>\n<li>Introduction to Eating Disorders<\/li>\n<li>Bariatrik Cerrahi Diyetisyenli\u011fi<\/li>\n<li>Molek\u00fcler Beslenme Diyetisyenli\u011fi<\/li>\n<li>SDM Ketojenik Diyet Uygulama<\/li>\n<\/ul>\t\t\t\t\t\t\t\t<\/div>\n\t\t\t\t<\/div>\n\t\t\t\t\t<\/div>\n\t\t<\/div>\n\t\t\t\t<div class=\"elementor-column elementor-col-33 elementor-inner-column elementor-element elementor-element-5c17ae1e animated-fast elementor-invisible\" data-id=\"5c17ae1e\" data-element_type=\"column\" data-settings=\"{&quot;animation&quot;:&quot;fadeIn&quot;,&quot;animation_delay&quot;:&quot;400&quot;,&quot;animation_mobile&quot;:&quot;none&quot;}\">\n\t\t\t<div class=\"elementor-widget-wrap elementor-element-populated\">\n\t\t\t\t\t\t<div class=\"elementor-element elementor-element-236c850b elementor-widget elementor-widget-heading\" data-id=\"236c850b\" data-element_type=\"widget\" data-widget_type=\"heading.default\">\n\t\t\t\t<div class=\"elementor-widget-container\">\n\t\t\t\t\t<h3 class=\"elementor-heading-title elementor-size-default\">E\u011fitim<\/h3>\t\t\t\t<\/div>\n\t\t\t\t<\/div>\n\t\t\t\t<div class=\"elementor-element elementor-element-3f4ce9cf elementor-widget-divider--view-line elementor-widget elementor-widget-divider\" data-id=\"3f4ce9cf\" data-element_type=\"widget\" data-widget_type=\"divider.default\">\n\t\t\t\t<div class=\"elementor-widget-container\">\n\t\t\t\t\t\t\t<div class=\"elementor-divider\">\n\t\t\t<span class=\"elementor-divider-separator\">\n\t\t\t\t\t\t<\/span>\n\t\t<\/div>\n\t\t\t\t\t\t<\/div>\n\t\t\t\t<\/div>\n\t\t\t\t<div class=\"elementor-element elementor-element-16f0a505 elementor-invisible elementor-widget elementor-widget-text-editor\" data-id=\"16f0a505\" data-element_type=\"widget\" data-settings=\"{&quot;_animation&quot;:&quot;fadeIn&quot;}\" data-widget_type=\"text-editor.default\">\n\t\t\t\t<div class=\"elementor-widget-container\">\n\t\t\t\t\t\t\t\t\t<ul><li>Klinik Beslenme Y\u00fcksek Lisans<\/li><li>Psikoloji Lisans<\/li><li>Beslenme ve Diyetetik<\/li><\/ul>\t\t\t\t\t\t\t\t<\/div>\n\t\t\t\t<\/div>\n\t\t\t\t\t<\/div>\n\t\t<\/div>\n\t\t\t\t<div class=\"elementor-column elementor-col-33 elementor-inner-column elementor-element elementor-element-4bf6349c animated-fast elementor-invisible\" data-id=\"4bf6349c\" data-element_type=\"column\" data-settings=\"{&quot;animation&quot;:&quot;fadeIn&quot;,&quot;animation_delay&quot;:&quot;600&quot;,&quot;animation_mobile&quot;:&quot;none&quot;}\">\n\t\t\t<div class=\"elementor-widget-wrap elementor-element-populated\">\n\t\t\t\t\t\t<div class=\"elementor-element elementor-element-76f13898 elementor-widget elementor-widget-heading\" data-id=\"76f13898\" data-element_type=\"widget\" data-widget_type=\"heading.default\">\n\t\t\t\t<div class=\"elementor-widget-container\">\n\t\t\t\t\t<h3 class=\"elementor-heading-title elementor-size-default\">\u00c7al\u0131\u015fma alanlar\u0131<\/h3>\t\t\t\t<\/div>\n\t\t\t\t<\/div>\n\t\t\t\t<div class=\"elementor-element elementor-element-32bf4f0e elementor-widget-divider--view-line elementor-widget elementor-widget-divider\" data-id=\"32bf4f0e\" data-element_type=\"widget\" data-widget_type=\"divider.default\">\n\t\t\t\t<div class=\"elementor-widget-container\">\n\t\t\t\t\t\t\t<div class=\"elementor-divider\">\n\t\t\t<span class=\"elementor-divider-separator\">\n\t\t\t\t\t\t<\/span>\n\t\t<\/div>\n\t\t\t\t\t\t<\/div>\n\t\t\t\t<\/div>\n\t\t\t\t<div class=\"elementor-element elementor-element-7d1fbf51 elementor-invisible elementor-widget elementor-widget-text-editor\" data-id=\"7d1fbf51\" data-element_type=\"widget\" data-settings=\"{&quot;_animation&quot;:&quot;fadeIn&quot;}\" data-widget_type=\"text-editor.default\">\n\t\t\t\t<div class=\"elementor-widget-container\">\n\t\t\t\t\t\t\t\t\t<ul><li>Bariatrik ve Metabolik Cerrahi<\/li><li>Nutrigenetik<\/li><li>Fonksiyonel Beslenme<\/li><li>IF &#8211; Aral\u0131kl\u0131 Oru\u00e7<\/li><li>Ketojenik Beslenme<\/li><\/ul>\t\t\t\t\t\t\t\t<\/div>\n\t\t\t\t<\/div>\n\t\t\t\t\t<\/div>\n\t\t<\/div>\n\t\t\t\t\t<\/div>\n\t\t<\/section>\n\t\t\t\t\t<\/div>\n\t\t<\/div>\n\t\t\t\t\t<\/div>\n\t\t<\/section>\n\t\t\t\t<\/div>\n\t\t","protected":false},"excerpt":{"rendered":"<p>Cansu G\u00fcler\u00e7in \u015eeney, MSc uzman diyetisyen &#038; psikolog Yeditepe \u00dcniversitesi Beslenme ve Diyetetik b\u00f6l\u00fcm\u00fcnden ba\u015far\u0131yla mezun olduktan sonra yine ayn\u0131 \u00fcniversitede 2014 y\u0131l\u0131nda \u00e7ift anadal program\u0131 ile ba\u015flad\u0131\u011f\u0131m Psikoloji e\u011fitimime devam ederken Klinik Beslenme Yu\u0308ksek Lisans program\u0131na ba\u015flad\u0131m. Psikoloji e\u011fitimimi tamamlad\u0131ktan sonra nutrigenetik alan\u0131ndaki \u00e7al\u0131\u015fmalar\u0131mla gen-besin etkile\u015fimleri, hastal\u0131k risklerinin kontrol\u00fcnde beslenme ve besin desteklerinin rol\u00fc [&hellip;]<\/p>\n","protected":false},"author":1,"featured_media":0,"parent":0,"menu_order":0,"comment_status":"closed","ping_status":"closed","template":"elementor_header_footer","meta":{"footnotes":""},"class_list":["post-110","page","type-page","status-publish","hentry"],"yoast_head":"<!-- This site is optimized with the Yoast SEO plugin v26.6 - https:\/\/yoast.com\/wordpress\/plugins\/seo\/ -->\n<title>Hakk\u0131mda - Cansu G\u00fcler\u00e7in | Diyet Listesi, Beslenme Program\u0131, Diyetisyen Randevu<\/title>\n<meta name=\"robots\" content=\"index, follow, max-snippet:-1, max-image-preview:large, max-video-preview:-1\" \/>\n<link rel=\"canonical\" href=\"https:\/\/www.cansugulercin.com\/tr\/hakkimda\/\" \/>\n<meta property=\"og:locale\" content=\"tr_TR\" \/>\n<meta property=\"og:type\" content=\"article\" \/>\n<meta property=\"og:title\" content=\"Hakk\u0131mda - Cansu G\u00fcler\u00e7in | Diyet Listesi, Beslenme Program\u0131, Diyetisyen Randevu\" \/>\n<meta property=\"og:description\" content=\"Cansu G\u00fcler\u00e7in \u015eeney, MSc uzman diyetisyen &#038; psikolog Yeditepe \u00dcniversitesi Beslenme ve Diyetetik b\u00f6l\u00fcm\u00fcnden ba\u015far\u0131yla mezun olduktan sonra yine ayn\u0131 \u00fcniversitede 2014 y\u0131l\u0131nda \u00e7ift anadal program\u0131 ile ba\u015flad\u0131\u011f\u0131m Psikoloji e\u011fitimime devam ederken Klinik Beslenme Yu\u0308ksek Lisans program\u0131na ba\u015flad\u0131m. Psikoloji e\u011fitimimi tamamlad\u0131ktan sonra nutrigenetik alan\u0131ndaki \u00e7al\u0131\u015fmalar\u0131mla gen-besin etkile\u015fimleri, hastal\u0131k risklerinin kontrol\u00fcnde beslenme ve besin desteklerinin rol\u00fc [&hellip;]\" \/>\n<meta property=\"og:url\" content=\"https:\/\/www.cansugulercin.com\/tr\/hakkimda\/\" \/>\n<meta property=\"og:site_name\" content=\"Cansu G\u00fcler\u00e7in | Diyet Listesi, Beslenme Program\u0131, Diyetisyen Randevu\" \/>\n<meta property=\"article:publisher\" content=\"https:\/\/www.facebook.com\/uzm.dyt.cansugulercin\" \/>\n<meta property=\"article:modified_time\" content=\"2022-12-11T13:23:44+00:00\" \/>\n<meta property=\"og:image\" content=\"https:\/\/nutritionistnear.me\/images\/Nutritionist-Near-Me-Verified-275x89.png\" \/>\n<meta name=\"twitter:card\" content=\"summary_large_image\" \/>\n<meta name=\"twitter:label1\" content=\"Tahmini okuma s\u00fcresi\" \/>\n\t<meta name=\"twitter:data1\" content=\"1 dakika\" \/>\n<script type=\"application\/ld+json\" class=\"yoast-schema-graph\">{\"@context\":\"https:\/\/schema.org\",\"@graph\":[{\"@type\":\"WebPage\",\"@id\":\"https:\/\/www.cansugulercin.com\/hakkimda\/\",\"url\":\"https:\/\/www.cansugulercin.com\/hakkimda\/\",\"name\":\"Hakk\u0131mda - Cansu G\u00fcler\u00e7in | Diyet Listesi, Beslenme Program\u0131, Diyetisyen Randevu\",\"isPartOf\":{\"@id\":\"https:\/\/www.cansugulercin.com\/tr\/#website\"},\"primaryImageOfPage\":{\"@id\":\"https:\/\/www.cansugulercin.com\/hakkimda\/#primaryimage\"},\"image\":{\"@id\":\"https:\/\/www.cansugulercin.com\/hakkimda\/#primaryimage\"},\"thumbnailUrl\":\"https:\/\/nutritionistnear.me\/images\/Nutritionist-Near-Me-Verified-275x89.png\",\"datePublished\":\"2020-11-24T15:35:32+00:00\",\"dateModified\":\"2022-12-11T13:23:44+00:00\",\"breadcrumb\":{\"@id\":\"https:\/\/www.cansugulercin.com\/hakkimda\/#breadcrumb\"},\"inLanguage\":\"tr\",\"potentialAction\":[{\"@type\":\"ReadAction\",\"target\":[\"https:\/\/www.cansugulercin.com\/hakkimda\/\"]}]},{\"@type\":\"ImageObject\",\"inLanguage\":\"tr\",\"@id\":\"https:\/\/www.cansugulercin.com\/hakkimda\/#primaryimage\",\"url\":\"https:\/\/nutritionistnear.me\/images\/Nutritionist-Near-Me-Verified-275x89.png\",\"contentUrl\":\"https:\/\/nutritionistnear.me\/images\/Nutritionist-Near-Me-Verified-275x89.png\"},{\"@type\":\"BreadcrumbList\",\"@id\":\"https:\/\/www.cansugulercin.com\/hakkimda\/#breadcrumb\",\"itemListElement\":[{\"@type\":\"ListItem\",\"position\":1,\"name\":\"Anasayfa\",\"item\":\"https:\/\/www.cansugulercin.com\/\"},{\"@type\":\"ListItem\",\"position\":2,\"name\":\"Hakk\u0131mda\"}]},{\"@type\":\"WebSite\",\"@id\":\"https:\/\/www.cansugulercin.com\/tr\/#website\",\"url\":\"https:\/\/www.cansugulercin.com\/tr\/\",\"name\":\"Cansu G\u00fcler\u00e7in | Online Diyet Dan\u0131\u015fmanl\u0131\u011f\u0131 - Uzman Diyetisyen & Psikolog\",\"description\":\"Kilo almak, kilo vermek, diyet, sa\u011fl\u0131kl\u0131 beslenme\",\"publisher\":{\"@id\":\"https:\/\/www.cansugulercin.com\/tr\/#organization\"},\"potentialAction\":[{\"@type\":\"SearchAction\",\"target\":{\"@type\":\"EntryPoint\",\"urlTemplate\":\"https:\/\/www.cansugulercin.com\/tr\/?s={search_term_string}\"},\"query-input\":{\"@type\":\"PropertyValueSpecification\",\"valueRequired\":true,\"valueName\":\"search_term_string\"}}],\"inLanguage\":\"tr\"},{\"@type\":\"Organization\",\"@id\":\"https:\/\/www.cansugulercin.com\/tr\/#organization\",\"name\":\"Cansu G\u00fcler\u00e7in | Online Diyet Dan\u0131\u015fmanl\u0131\u011f\u0131 - Uzman Diyetisyen & Psikolog\",\"url\":\"https:\/\/www.cansugulercin.com\/tr\/\",\"logo\":{\"@type\":\"ImageObject\",\"inLanguage\":\"tr\",\"@id\":\"https:\/\/www.cansugulercin.com\/tr\/#\/schema\/logo\/image\/\",\"url\":\"https:\/\/www.cansugulercin.com\/wp-content\/uploads\/logo-mini.png\",\"contentUrl\":\"https:\/\/www.cansugulercin.com\/wp-content\/uploads\/logo-mini.png\",\"width\":320,\"height\":65,\"caption\":\"Cansu G\u00fcler\u00e7in | Online Diyet Dan\u0131\u015fmanl\u0131\u011f\u0131 - Uzman Diyetisyen & Psikolog\"},\"image\":{\"@id\":\"https:\/\/www.cansugulercin.com\/tr\/#\/schema\/logo\/image\/\"},\"sameAs\":[\"https:\/\/www.facebook.com\/uzm.dyt.cansugulercin\",\"https:\/\/www.instagram.com\/uzm.dyt.cansugulercin\/\",\"https:\/\/www.linkedin.com\/company\/cansugulercin-com\"]}]}<\/script>\n<!-- \/ Yoast SEO plugin. -->","yoast_head_json":{"title":"Hakk\u0131mda - Cansu G\u00fcler\u00e7in | Diyet Listesi, Beslenme Program\u0131, Diyetisyen Randevu","robots":{"index":"index","follow":"follow","max-snippet":"max-snippet:-1","max-image-preview":"max-image-preview:large","max-video-preview":"max-video-preview:-1"},"canonical":"https:\/\/www.cansugulercin.com\/tr\/hakkimda\/","og_locale":"tr_TR","og_type":"article","og_title":"Hakk\u0131mda - Cansu G\u00fcler\u00e7in | Diyet Listesi, Beslenme Program\u0131, Diyetisyen Randevu","og_description":"Cansu G\u00fcler\u00e7in \u015eeney, MSc uzman diyetisyen &#038; psikolog Yeditepe \u00dcniversitesi Beslenme ve Diyetetik b\u00f6l\u00fcm\u00fcnden ba\u015far\u0131yla mezun olduktan sonra yine ayn\u0131 \u00fcniversitede 2014 y\u0131l\u0131nda \u00e7ift anadal program\u0131 ile ba\u015flad\u0131\u011f\u0131m Psikoloji e\u011fitimime devam ederken Klinik Beslenme Yu\u0308ksek Lisans program\u0131na ba\u015flad\u0131m. Psikoloji e\u011fitimimi tamamlad\u0131ktan sonra nutrigenetik alan\u0131ndaki \u00e7al\u0131\u015fmalar\u0131mla gen-besin etkile\u015fimleri, hastal\u0131k risklerinin kontrol\u00fcnde beslenme ve besin desteklerinin rol\u00fc [&hellip;]","og_url":"https:\/\/www.cansugulercin.com\/tr\/hakkimda\/","og_site_name":"Cansu G\u00fcler\u00e7in | Diyet Listesi, Beslenme Program\u0131, Diyetisyen Randevu","article_publisher":"https:\/\/www.facebook.com\/uzm.dyt.cansugulercin","article_modified_time":"2022-12-11T13:23:44+00:00","og_image":[{"url":"https:\/\/nutritionistnear.me\/images\/Nutritionist-Near-Me-Verified-275x89.png","type":"","width":"","height":""}],"twitter_card":"summary_large_image","twitter_misc":{"Tahmini okuma s\u00fcresi":"1 dakika"},"schema":{"@context":"https:\/\/schema.org","@graph":[{"@type":"WebPage","@id":"https:\/\/www.cansugulercin.com\/hakkimda\/","url":"https:\/\/www.cansugulercin.com\/hakkimda\/","name":"Hakk\u0131mda - Cansu G\u00fcler\u00e7in | Diyet Listesi, Beslenme Program\u0131, Diyetisyen Randevu","isPartOf":{"@id":"https:\/\/www.cansugulercin.com\/tr\/#website"},"primaryImageOfPage":{"@id":"https:\/\/www.cansugulercin.com\/hakkimda\/#primaryimage"},"image":{"@id":"https:\/\/www.cansugulercin.com\/hakkimda\/#primaryimage"},"thumbnailUrl":"https:\/\/nutritionistnear.me\/images\/Nutritionist-Near-Me-Verified-275x89.png","datePublished":"2020-11-24T15:35:32+00:00","dateModified":"2022-12-11T13:23:44+00:00","breadcrumb":{"@id":"https:\/\/www.cansugulercin.com\/hakkimda\/#breadcrumb"},"inLanguage":"tr","potentialAction":[{"@type":"ReadAction","target":["https:\/\/www.cansugulercin.com\/hakkimda\/"]}]},{"@type":"ImageObject","inLanguage":"tr","@id":"https:\/\/www.cansugulercin.com\/hakkimda\/#primaryimage","url":"https:\/\/nutritionistnear.me\/images\/Nutritionist-Near-Me-Verified-275x89.png","contentUrl":"https:\/\/nutritionistnear.me\/images\/Nutritionist-Near-Me-Verified-275x89.png"},{"@type":"BreadcrumbList","@id":"https:\/\/www.cansugulercin.com\/hakkimda\/#breadcrumb","itemListElement":[{"@type":"ListItem","position":1,"name":"Anasayfa","item":"https:\/\/www.cansugulercin.com\/"},{"@type":"ListItem","position":2,"name":"Hakk\u0131mda"}]},{"@type":"WebSite","@id":"https:\/\/www.cansugulercin.com\/tr\/#website","url":"https:\/\/www.cansugulercin.com\/tr\/","name":"Cansu G\u00fcler\u00e7in | Online Diyet Dan\u0131\u015fmanl\u0131\u011f\u0131 - Uzman Diyetisyen & Psikolog","description":"Kilo almak, kilo vermek, diyet, sa\u011fl\u0131kl\u0131 beslenme","publisher":{"@id":"https:\/\/www.cansugulercin.com\/tr\/#organization"},"potentialAction":[{"@type":"SearchAction","target":{"@type":"EntryPoint","urlTemplate":"https:\/\/www.cansugulercin.com\/tr\/?s={search_term_string}"},"query-input":{"@type":"PropertyValueSpecification","valueRequired":true,"valueName":"search_term_string"}}],"inLanguage":"tr"},{"@type":"Organization","@id":"https:\/\/www.cansugulercin.com\/tr\/#organization","name":"Cansu G\u00fcler\u00e7in | Online Diyet Dan\u0131\u015fmanl\u0131\u011f\u0131 - Uzman Diyetisyen & Psikolog","url":"https:\/\/www.cansugulercin.com\/tr\/","logo":{"@type":"ImageObject","inLanguage":"tr","@id":"https:\/\/www.cansugulercin.com\/tr\/#\/schema\/logo\/image\/","url":"https:\/\/www.cansugulercin.com\/wp-content\/uploads\/logo-mini.png","contentUrl":"https:\/\/www.cansugulercin.com\/wp-content\/uploads\/logo-mini.png","width":320,"height":65,"caption":"Cansu G\u00fcler\u00e7in | Online Diyet Dan\u0131\u015fmanl\u0131\u011f\u0131 - Uzman Diyetisyen & Psikolog"},"image":{"@id":"https:\/\/www.cansugulercin.com\/tr\/#\/schema\/logo\/image\/"},"sameAs":["https:\/\/www.facebook.com\/uzm.dyt.cansugulercin","https:\/\/www.instagram.com\/uzm.dyt.cansugulercin\/","https:\/\/www.linkedin.com\/company\/cansugulercin-com"]}]}},"jetpack_sharing_enabled":true,"_links":{"self":[{"href":"https:\/\/www.cansugulercin.com\/tr\/wp-json\/wp\/v2\/pages\/110","targetHints":{"allow":["GET"]}}],"collection":[{"href":"https:\/\/www.cansugulercin.com\/tr\/wp-json\/wp\/v2\/pages"}],"about":[{"href":"https:\/\/www.cansugulercin.com\/tr\/wp-json\/wp\/v2\/types\/page"}],"author":[{"embeddable":true,"href":"https:\/\/www.cansugulercin.com\/tr\/wp-json\/wp\/v2\/users\/1"}],"replies":[{"embeddable":true,"href":"https:\/\/www.cansugulercin.com\/tr\/wp-json\/wp\/v2\/comments?post=110"}],"version-history":[{"count":29,"href":"https:\/\/www.cansugulercin.com\/tr\/wp-json\/wp\/v2\/pages\/110\/revisions"}],"predecessor-version":[{"id":1296,"href":"https:\/\/www.cansugulercin.com\/tr\/wp-json\/wp\/v2\/pages\/110\/revisions\/1296"}],"wp:attachment":[{"href":"https:\/\/www.cansugulercin.com\/tr\/wp-json\/wp\/v2\/media?parent=110"}],"curies":[{"name":"wp","href":"https:\/\/api.w.org\/{rel}","templated":true}]}}