{"id":177,"date":"2020-11-29T14:48:09","date_gmt":"2020-11-29T11:48:09","guid":{"rendered":"https:\/\/www.cansugulercin.com\/?page_id=177"},"modified":"2020-12-02T21:54:48","modified_gmt":"2020-12-02T18:54:48","slug":"tarifler","status":"publish","type":"page","link":"https:\/\/www.cansugulercin.com\/tr\/tarifler\/","title":{"rendered":"Tarifler"},"content":{"rendered":"\t\t<div data-elementor-type=\"wp-page\" data-elementor-id=\"177\" class=\"elementor elementor-177\" data-elementor-post-type=\"page\">\n\t\t\t\t\t\t<section class=\"elementor-section elementor-top-section elementor-element elementor-element-680b1b90 elementor-section-full_width elementor-section-height-min-height elementor-section-items-stretch elementor-section-content-middle elementor-reverse-mobile elementor-reverse-tablet elementor-section-height-default\" data-id=\"680b1b90\" data-element_type=\"section\">\n\t\t\t\t\t\t<div class=\"elementor-container elementor-column-gap-no\">\n\t\t\t\t\t<div class=\"elementor-column elementor-col-50 elementor-top-column elementor-element elementor-element-2ab37c8e\" data-id=\"2ab37c8e\" data-element_type=\"column\">\n\t\t\t<div class=\"elementor-widget-wrap elementor-element-populated\">\n\t\t\t\t\t\t<div class=\"elementor-element elementor-element-4bfee5cb animated-fast elementor-invisible elementor-widget elementor-widget-heading\" data-id=\"4bfee5cb\" data-element_type=\"widget\" data-settings=\"{&quot;_animation&quot;:&quot;fadeIn&quot;}\" data-widget_type=\"heading.default\">\n\t\t\t\t<div class=\"elementor-widget-container\">\n\t\t\t\t\t<h1 class=\"elementor-heading-title elementor-size-default\">mutfa\u011f\u0131n\u0131za tarifler<\/h1>\t\t\t\t<\/div>\n\t\t\t\t<\/div>\n\t\t\t\t<div class=\"elementor-element elementor-element-74272c6e elementor-invisible elementor-widget elementor-widget-text-editor\" data-id=\"74272c6e\" data-element_type=\"widget\" data-settings=\"{&quot;_animation&quot;:&quot;fadeIn&quot;}\" data-widget_type=\"text-editor.default\">\n\t\t\t\t<div class=\"elementor-widget-container\">\n\t\t\t\t\t\t\t\t\t<p>\u00d6nce sa\u011fl\u0131k, sonra afiyet olsun&#8230;<\/p>\t\t\t\t\t\t\t\t<\/div>\n\t\t\t\t<\/div>\n\t\t\t\t<div class=\"elementor-element elementor-element-7579590d elementor-view-stacked elementor-shape-square elementor-widget__width-auto elementor-absolute elementor-hidden-tablet elementor-hidden-phone elementor-invisible elementor-widget elementor-widget-icon\" data-id=\"7579590d\" data-element_type=\"widget\" data-settings=\"{&quot;_position&quot;:&quot;absolute&quot;,&quot;_animation&quot;:&quot;fadeInDown&quot;,&quot;_animation_delay&quot;:&quot;500&quot;}\" data-widget_type=\"icon.default\">\n\t\t\t\t<div class=\"elementor-widget-container\">\n\t\t\t\t\t\t\t<div class=\"elementor-icon-wrapper\">\n\t\t\t<a class=\"elementor-icon\" href=\"#postgrid\">\n\t\t\t\t\t\t<\/a>\n\t\t<\/div>\n\t\t\t\t\t\t<\/div>\n\t\t\t\t<\/div>\n\t\t\t\t\t<\/div>\n\t\t<\/div>\n\t\t\t\t<div class=\"elementor-column elementor-col-50 elementor-top-column elementor-element elementor-element-5c7e8e65\" data-id=\"5c7e8e65\" data-element_type=\"column\" data-settings=\"{&quot;background_background&quot;:&quot;classic&quot;}\">\n\t\t\t<div class=\"elementor-widget-wrap elementor-element-populated\">\n\t\t\t\t\t\t<div class=\"elementor-element elementor-element-70ec89e8 elementor-widget elementor-widget-spacer\" data-id=\"70ec89e8\" data-element_type=\"widget\" data-widget_type=\"spacer.default\">\n\t\t\t\t<div class=\"elementor-widget-container\">\n\t\t\t\t\t\t\t<div class=\"elementor-spacer\">\n\t\t\t<div class=\"elementor-spacer-inner\"><\/div>\n\t\t<\/div>\n\t\t\t\t\t\t<\/div>\n\t\t\t\t<\/div>\n\t\t\t\t\t<\/div>\n\t\t<\/div>\n\t\t\t\t\t<\/div>\n\t\t<\/section>\n\t\t\t\t<section class=\"elementor-section elementor-top-section elementor-element elementor-element-ec31849 elementor-section-full_width elementor-section-height-default elementor-section-height-default\" data-id=\"ec31849\" data-element_type=\"section\" id=\"postgrid\">\n\t\t\t\t\t\t<div class=\"elementor-container elementor-column-gap-no\">\n\t\t\t\t\t<div class=\"elementor-column elementor-col-100 elementor-top-column elementor-element elementor-element-75812e0f\" data-id=\"75812e0f\" data-element_type=\"column\">\n\t\t\t<div class=\"elementor-widget-wrap elementor-element-populated\">\n\t\t\t\t\t\t<div class=\"elementor-element elementor-element-4bd4930d elementor-grid-2 elementor-grid-tablet-1 elementor-posts--thumbnail-left animated-slow elementor-grid-mobile-1 elementor-invisible elementor-widget elementor-widget-posts\" data-id=\"4bd4930d\" data-element_type=\"widget\" data-settings=\"{&quot;classic_columns&quot;:&quot;2&quot;,&quot;classic_columns_tablet&quot;:&quot;1&quot;,&quot;classic_row_gap&quot;:{&quot;unit&quot;:&quot;px&quot;,&quot;size&quot;:&quot;50&quot;,&quot;sizes&quot;:[]},&quot;_animation&quot;:&quot;fadeIn&quot;,&quot;classic_columns_mobile&quot;:&quot;1&quot;,&quot;classic_row_gap_tablet&quot;:{&quot;unit&quot;:&quot;px&quot;,&quot;size&quot;:&quot;&quot;,&quot;sizes&quot;:[]},&quot;classic_row_gap_mobile&quot;:{&quot;unit&quot;:&quot;px&quot;,&quot;size&quot;:&quot;&quot;,&quot;sizes&quot;:[]}}\" data-widget_type=\"posts.classic\">\n\t\t\t\t<div class=\"elementor-widget-container\">\n\t\t\t\t\t\t\t<div class=\"elementor-posts-container elementor-posts elementor-posts--skin-classic elementor-grid\" role=\"list\">\n\t\t\t\t<article class=\"elementor-post elementor-grid-item post-946 post type-post status-publish format-standard has-post-thumbnail hentry category-obezite-cerrahisi category-tarifler tag-obezite-cerrahisi\" role=\"listitem\">\n\t\t\t\t<a class=\"elementor-post__thumbnail__link\" href=\"https:\/\/www.cansugulercin.com\/tr\/oopsie-ekmegi\/946\/tarifler\/\" tabindex=\"-1\" >\n\t\t\t<div class=\"elementor-post__thumbnail\"><img fetchpriority=\"high\" decoding=\"async\" width=\"687\" height=\"477\" src=\"https:\/\/www.cansugulercin.com\/wp-content\/uploads\/oopsie-ekmegi.png\" class=\"attachment-medium_large size-medium_large wp-image-960\" alt=\"\" srcset=\"https:\/\/www.cansugulercin.com\/wp-content\/uploads\/oopsie-ekmegi.png 687w, https:\/\/www.cansugulercin.com\/wp-content\/uploads\/oopsie-ekmegi-300x208.png 300w, https:\/\/www.cansugulercin.com\/wp-content\/uploads\/oopsie-ekmegi-18x12.png 18w\" sizes=\"(max-width: 687px) 100vw, 687px\" \/><\/div>\n\t\t<\/a>\n\t\t\t\t<div class=\"elementor-post__text\">\n\t\t\t\t<h3 class=\"elementor-post__title\">\n\t\t\t<a href=\"https:\/\/www.cansugulercin.com\/tr\/oopsie-ekmegi\/946\/tarifler\/\" >\n\t\t\t\tOopsie Ekme\u011fi\t\t\t<\/a>\n\t\t<\/h3>\n\t\t\t\t<div class=\"elementor-post__excerpt\">\n\t\t\t<p>Oopsie ekme\u011fi, nam-\u0131 di\u011fer protein ekmek &#x1f35e; Obezite cerrahisi sonras\u0131 beslenmede en \u00f6nem verdi\u011fimiz \u015fey protein t\u00fcketimi &#x1f95a; Sabah kahvalt\u0131lar\u0131nda klasik yumurta ve peynir t\u00fcketiminden<\/p>\n\t\t<\/div>\n\t\t\n\t\t<a class=\"elementor-post__read-more\" href=\"https:\/\/www.cansugulercin.com\/tr\/oopsie-ekmegi\/946\/tarifler\/\" aria-label=\"Read more about Oopsie Ekme\u011fi\" tabindex=\"-1\" >\n\t\t\tiNCELE\t\t<\/a>\n\n\t\t\t\t<\/div>\n\t\t\t\t<\/article>\n\t\t\t\t<article class=\"elementor-post elementor-grid-item post-223 post type-post status-publish format-standard has-post-thumbnail hentry category-tarifler\" role=\"listitem\">\n\t\t\t\t<a class=\"elementor-post__thumbnail__link\" href=\"https:\/\/www.cansugulercin.com\/tr\/muzlu-bademli-chia-pudingi\/223\/tarifler\/\" tabindex=\"-1\" >\n\t\t\t<div class=\"elementor-post__thumbnail\"><img decoding=\"async\" width=\"768\" height=\"513\" src=\"https:\/\/www.cansugulercin.com\/wp-content\/uploads\/muzlu-chia-puding-768x513.jpg\" class=\"attachment-medium_large size-medium_large wp-image-225\" alt=\"\" srcset=\"https:\/\/www.cansugulercin.com\/wp-content\/uploads\/muzlu-chia-puding-768x513.jpg 768w, https:\/\/www.cansugulercin.com\/wp-content\/uploads\/muzlu-chia-puding-300x200.jpg 300w, https:\/\/www.cansugulercin.com\/wp-content\/uploads\/muzlu-chia-puding-1024x683.jpg 1024w, https:\/\/www.cansugulercin.com\/wp-content\/uploads\/muzlu-chia-puding.jpg 1254w\" sizes=\"(max-width: 768px) 100vw, 768px\" \/><\/div>\n\t\t<\/a>\n\t\t\t\t<div class=\"elementor-post__text\">\n\t\t\t\t<h3 class=\"elementor-post__title\">\n\t\t\t<a href=\"https:\/\/www.cansugulercin.com\/tr\/muzlu-bademli-chia-pudingi\/223\/tarifler\/\" >\n\t\t\t\tMuzlu Bademli Chia Pudingi\t\t\t<\/a>\n\t\t<\/h3>\n\t\t\t\t<div class=\"elementor-post__excerpt\">\n\t\t\t<p>Tatl\u0131 krizlerinde \u00e7aresiz kal\u0131p \u00e7\u0131lg\u0131n tercihler yapanlar duruuuuunnn &#x270b;&#x1f3fb; Size g\u00f6n\u00fcl rahatl\u0131\u011f\u0131yla yiyebilece\u011finiz bir tatl\u0131 tarifiyle kar\u015f\u0131n\u0131zday\u0131m &#x1f917; 1 adet muz 3 yemek ka\u015f\u0131\u011f\u0131 chia<\/p>\n\t\t<\/div>\n\t\t\n\t\t<a class=\"elementor-post__read-more\" href=\"https:\/\/www.cansugulercin.com\/tr\/muzlu-bademli-chia-pudingi\/223\/tarifler\/\" aria-label=\"Read more about Muzlu Bademli Chia Pudingi\" tabindex=\"-1\" >\n\t\t\tiNCELE\t\t<\/a>\n\n\t\t\t\t<\/div>\n\t\t\t\t<\/article>\n\t\t\t\t<article class=\"elementor-post elementor-grid-item post-234 post type-post status-publish format-standard has-post-thumbnail hentry category-tarifler\" role=\"listitem\">\n\t\t\t\t<a class=\"elementor-post__thumbnail__link\" href=\"https:\/\/www.cansugulercin.com\/tr\/balkabakli-sekersiz-truf\/234\/tarifler\/\" tabindex=\"-1\" >\n\t\t\t<div class=\"elementor-post__thumbnail\"><img decoding=\"async\" width=\"768\" height=\"384\" src=\"https:\/\/www.cansugulercin.com\/wp-content\/uploads\/nico-wijaya-Oq2hMv3kchU-unsplash-2-768x384.jpg\" class=\"attachment-medium_large size-medium_large wp-image-205\" alt=\"\" srcset=\"https:\/\/www.cansugulercin.com\/wp-content\/uploads\/nico-wijaya-Oq2hMv3kchU-unsplash-2-768x384.jpg 768w, https:\/\/www.cansugulercin.com\/wp-content\/uploads\/nico-wijaya-Oq2hMv3kchU-unsplash-2-300x150.jpg 300w, https:\/\/www.cansugulercin.com\/wp-content\/uploads\/nico-wijaya-Oq2hMv3kchU-unsplash-2-1024x512.jpg 1024w, https:\/\/www.cansugulercin.com\/wp-content\/uploads\/nico-wijaya-Oq2hMv3kchU-unsplash-2-1536x768.jpg 1536w, https:\/\/www.cansugulercin.com\/wp-content\/uploads\/nico-wijaya-Oq2hMv3kchU-unsplash-2-2048x1024.jpg 2048w\" sizes=\"(max-width: 768px) 100vw, 768px\" \/><\/div>\n\t\t<\/a>\n\t\t\t\t<div class=\"elementor-post__text\">\n\t\t\t\t<h3 class=\"elementor-post__title\">\n\t\t\t<a href=\"https:\/\/www.cansugulercin.com\/tr\/balkabakli-sekersiz-truf\/234\/tarifler\/\" >\n\t\t\t\tBalkabakl\u0131 \u015eekersiz Tr\u00fcf\t\t\t<\/a>\n\t\t<\/h3>\n\t\t\t\t<div class=\"elementor-post__excerpt\">\n\t\t\t<p>A ve C vitamini, bak\u0131r ve demir minareleri bak\u0131m\u0131ndan olduk\u00e7a zengin olan balkaba\u011f\u0131 kilo verme s\u00fcrecinde ve rutin beslenme d\u00fczenimizde gayet sa\u011fl\u0131kl\u0131 bir tercih &#x1f917;<\/p>\n\t\t<\/div>\n\t\t\n\t\t<a class=\"elementor-post__read-more\" href=\"https:\/\/www.cansugulercin.com\/tr\/balkabakli-sekersiz-truf\/234\/tarifler\/\" aria-label=\"Read more about Balkabakl\u0131 \u015eekersiz Tr\u00fcf\" tabindex=\"-1\" >\n\t\t\tiNCELE\t\t<\/a>\n\n\t\t\t\t<\/div>\n\t\t\t\t<\/article>\n\t\t\t\t<article class=\"elementor-post elementor-grid-item post-229 post type-post status-publish format-standard has-post-thumbnail hentry category-tarifler\" role=\"listitem\">\n\t\t\t\t<a class=\"elementor-post__thumbnail__link\" href=\"https:\/\/www.cansugulercin.com\/tr\/avokado-ve-yumurta-aski\/229\/tarifler\/\" tabindex=\"-1\" >\n\t\t\t<div class=\"elementor-post__thumbnail\"><img loading=\"lazy\" decoding=\"async\" width=\"768\" height=\"576\" src=\"https:\/\/www.cansugulercin.com\/wp-content\/uploads\/yumurta-avokado-768x576.jpg\" class=\"attachment-medium_large size-medium_large wp-image-200\" alt=\"\" srcset=\"https:\/\/www.cansugulercin.com\/wp-content\/uploads\/yumurta-avokado-768x576.jpg 768w, https:\/\/www.cansugulercin.com\/wp-content\/uploads\/yumurta-avokado-300x225.jpg 300w, https:\/\/www.cansugulercin.com\/wp-content\/uploads\/yumurta-avokado-1024x768.jpg 1024w, https:\/\/www.cansugulercin.com\/wp-content\/uploads\/yumurta-avokado.jpg 1200w\" sizes=\"(max-width: 768px) 100vw, 768px\" \/><\/div>\n\t\t<\/a>\n\t\t\t\t<div class=\"elementor-post__text\">\n\t\t\t\t<h3 class=\"elementor-post__title\">\n\t\t\t<a href=\"https:\/\/www.cansugulercin.com\/tr\/avokado-ve-yumurta-aski\/229\/tarifler\/\" >\n\t\t\t\tAvokado ve Yumurta A\u015fk\u0131\t\t\t<\/a>\n\t\t<\/h3>\n\t\t\t\t<div class=\"elementor-post__excerpt\">\n\t\t\t<p>G\u00fcl\u00fcmseyerek ba\u015flad\u0131\u011f\u0131m\u0131z g\u00fcn\u00fc daha da kaliteli hale getirmenin yolu olan kahvalt\u0131n\u0131n mutlulukla alakas\u0131 oldu\u011funa inananlardan m\u0131s\u0131n\u0131z siz de benim gibi&#x2753; E\u011fer \u00f6yleyse hem sa\u011fl\u0131kl\u0131 hem<\/p>\n\t\t<\/div>\n\t\t\n\t\t<a class=\"elementor-post__read-more\" href=\"https:\/\/www.cansugulercin.com\/tr\/avokado-ve-yumurta-aski\/229\/tarifler\/\" aria-label=\"Read more about Avokado ve Yumurta A\u015fk\u0131\" tabindex=\"-1\" >\n\t\t\tiNCELE\t\t<\/a>\n\n\t\t\t\t<\/div>\n\t\t\t\t<\/article>\n\t\t\t\t<article class=\"elementor-post elementor-grid-item post-237 post type-post status-publish format-standard has-post-thumbnail hentry category-tarifler\" role=\"listitem\">\n\t\t\t\t<a class=\"elementor-post__thumbnail__link\" href=\"https:\/\/www.cansugulercin.com\/tr\/cicili-bicili-pembeli-smoothie\/237\/tarifler\/\" tabindex=\"-1\" >\n\t\t\t<div class=\"elementor-post__thumbnail\"><img loading=\"lazy\" decoding=\"async\" width=\"768\" height=\"512\" src=\"https:\/\/www.cansugulercin.com\/wp-content\/uploads\/denis-tuksar-hsTwPUzFegQ-unsplash-768x512.jpg\" class=\"attachment-medium_large size-medium_large wp-image-194\" alt=\"\" srcset=\"https:\/\/www.cansugulercin.com\/wp-content\/uploads\/denis-tuksar-hsTwPUzFegQ-unsplash-768x512.jpg 768w, https:\/\/www.cansugulercin.com\/wp-content\/uploads\/denis-tuksar-hsTwPUzFegQ-unsplash-300x200.jpg 300w, https:\/\/www.cansugulercin.com\/wp-content\/uploads\/denis-tuksar-hsTwPUzFegQ-unsplash-1024x683.jpg 1024w, https:\/\/www.cansugulercin.com\/wp-content\/uploads\/denis-tuksar-hsTwPUzFegQ-unsplash-1536x1024.jpg 1536w, https:\/\/www.cansugulercin.com\/wp-content\/uploads\/denis-tuksar-hsTwPUzFegQ-unsplash-2048x1365.jpg 2048w\" sizes=\"(max-width: 768px) 100vw, 768px\" \/><\/div>\n\t\t<\/a>\n\t\t\t\t<div class=\"elementor-post__text\">\n\t\t\t\t<h3 class=\"elementor-post__title\">\n\t\t\t<a href=\"https:\/\/www.cansugulercin.com\/tr\/cicili-bicili-pembeli-smoothie\/237\/tarifler\/\" >\n\t\t\t\tCicili Bicili Pembeli Smoothie\t\t\t<\/a>\n\t\t<\/h3>\n\t\t\t\t<div class=\"elementor-post__excerpt\">\n\t\t\t<p>Smoothie\u2019ler son y\u0131llar\u0131n en \u00e7ok konu\u015fulan kokteylleri bence&nbsp;&#x1f379; Hem lezzetli hem&nbsp;de bolca sa\u011fl\u0131kl\u0131 alternatifleri vaaarr &#x1f60b; 2 yemek ka\u015f\u0131\u011f\u0131 s\u00fczme yo\u011furt 1\/2 su barda\u011f\u0131 badem<\/p>\n\t\t<\/div>\n\t\t\n\t\t<a class=\"elementor-post__read-more\" href=\"https:\/\/www.cansugulercin.com\/tr\/cicili-bicili-pembeli-smoothie\/237\/tarifler\/\" aria-label=\"Read more about Cicili Bicili Pembeli Smoothie\" tabindex=\"-1\" >\n\t\t\tiNCELE\t\t<\/a>\n\n\t\t\t\t<\/div>\n\t\t\t\t<\/article>\n\t\t\t\t<\/div>\n\t\t\n\t\t\t\t\t\t<\/div>\n\t\t\t\t<\/div>\n\t\t\t\t\t<\/div>\n\t\t<\/div>\n\t\t\t\t\t<\/div>\n\t\t<\/section>\n\t\t\t\t<\/div>\n\t\t","protected":false},"excerpt":{"rendered":"<p>mutfa\u011f\u0131n\u0131za tarifler \u00d6nce sa\u011fl\u0131k, sonra afiyet olsun&#8230;<\/p>\n","protected":false},"author":1,"featured_media":0,"parent":0,"menu_order":0,"comment_status":"closed","ping_status":"closed","template":"elementor_header_footer","meta":{"footnotes":""},"class_list":["post-177","page","type-page","status-publish","hentry"],"yoast_head":"<!-- This site is optimized with the Yoast SEO plugin v26.6 - https:\/\/yoast.com\/wordpress\/plugins\/seo\/ -->\n<title>Tarifler - Cansu G\u00fcler\u00e7in | Diyet Listesi, Beslenme Program\u0131, Diyetisyen Randevu<\/title>\n<meta name=\"robots\" content=\"index, follow, max-snippet:-1, max-image-preview:large, max-video-preview:-1\" \/>\n<link rel=\"canonical\" href=\"https:\/\/www.cansugulercin.com\/tr\/tarifler\/\" \/>\n<meta property=\"og:locale\" content=\"tr_TR\" \/>\n<meta property=\"og:type\" content=\"article\" \/>\n<meta property=\"og:title\" content=\"Tarifler - Cansu G\u00fcler\u00e7in | Diyet Listesi, Beslenme Program\u0131, Diyetisyen Randevu\" \/>\n<meta property=\"og:description\" content=\"mutfa\u011f\u0131n\u0131za tarifler \u00d6nce sa\u011fl\u0131k, sonra afiyet olsun&#8230;\" \/>\n<meta property=\"og:url\" content=\"https:\/\/www.cansugulercin.com\/tr\/tarifler\/\" \/>\n<meta property=\"og:site_name\" content=\"Cansu G\u00fcler\u00e7in | Diyet Listesi, Beslenme Program\u0131, Diyetisyen Randevu\" \/>\n<meta property=\"article:publisher\" content=\"https:\/\/www.facebook.com\/uzm.dyt.cansugulercin\" \/>\n<meta property=\"article:modified_time\" content=\"2020-12-02T18:54:48+00:00\" \/>\n<meta name=\"twitter:card\" content=\"summary_large_image\" \/>\n<script type=\"application\/ld+json\" class=\"yoast-schema-graph\">{\"@context\":\"https:\/\/schema.org\",\"@graph\":[{\"@type\":\"WebPage\",\"@id\":\"https:\/\/www.cansugulercin.com\/tarifler\/\",\"url\":\"https:\/\/www.cansugulercin.com\/tarifler\/\",\"name\":\"Tarifler - Cansu G\u00fcler\u00e7in | Diyet Listesi, Beslenme Program\u0131, Diyetisyen Randevu\",\"isPartOf\":{\"@id\":\"https:\/\/www.cansugulercin.com\/tr\/#website\"},\"datePublished\":\"2020-11-29T11:48:09+00:00\",\"dateModified\":\"2020-12-02T18:54:48+00:00\",\"breadcrumb\":{\"@id\":\"https:\/\/www.cansugulercin.com\/tarifler\/#breadcrumb\"},\"inLanguage\":\"tr\",\"potentialAction\":[{\"@type\":\"ReadAction\",\"target\":[\"https:\/\/www.cansugulercin.com\/tarifler\/\"]}]},{\"@type\":\"BreadcrumbList\",\"@id\":\"https:\/\/www.cansugulercin.com\/tarifler\/#breadcrumb\",\"itemListElement\":[{\"@type\":\"ListItem\",\"position\":1,\"name\":\"Anasayfa\",\"item\":\"https:\/\/www.cansugulercin.com\/\"},{\"@type\":\"ListItem\",\"position\":2,\"name\":\"Tarifler\"}]},{\"@type\":\"WebSite\",\"@id\":\"https:\/\/www.cansugulercin.com\/tr\/#website\",\"url\":\"https:\/\/www.cansugulercin.com\/tr\/\",\"name\":\"Cansu G\u00fcler\u00e7in | Online Diyet Dan\u0131\u015fmanl\u0131\u011f\u0131 - Uzman Diyetisyen & Psikolog\",\"description\":\"Kilo almak, kilo vermek, diyet, sa\u011fl\u0131kl\u0131 beslenme\",\"publisher\":{\"@id\":\"https:\/\/www.cansugulercin.com\/tr\/#organization\"},\"potentialAction\":[{\"@type\":\"SearchAction\",\"target\":{\"@type\":\"EntryPoint\",\"urlTemplate\":\"https:\/\/www.cansugulercin.com\/tr\/?s={search_term_string}\"},\"query-input\":{\"@type\":\"PropertyValueSpecification\",\"valueRequired\":true,\"valueName\":\"search_term_string\"}}],\"inLanguage\":\"tr\"},{\"@type\":\"Organization\",\"@id\":\"https:\/\/www.cansugulercin.com\/tr\/#organization\",\"name\":\"Cansu G\u00fcler\u00e7in | Online Diyet Dan\u0131\u015fmanl\u0131\u011f\u0131 - Uzman Diyetisyen & Psikolog\",\"url\":\"https:\/\/www.cansugulercin.com\/tr\/\",\"logo\":{\"@type\":\"ImageObject\",\"inLanguage\":\"tr\",\"@id\":\"https:\/\/www.cansugulercin.com\/tr\/#\/schema\/logo\/image\/\",\"url\":\"https:\/\/www.cansugulercin.com\/wp-content\/uploads\/logo-mini.png\",\"contentUrl\":\"https:\/\/www.cansugulercin.com\/wp-content\/uploads\/logo-mini.png\",\"width\":320,\"height\":65,\"caption\":\"Cansu G\u00fcler\u00e7in | Online Diyet Dan\u0131\u015fmanl\u0131\u011f\u0131 - Uzman Diyetisyen & Psikolog\"},\"image\":{\"@id\":\"https:\/\/www.cansugulercin.com\/tr\/#\/schema\/logo\/image\/\"},\"sameAs\":[\"https:\/\/www.facebook.com\/uzm.dyt.cansugulercin\",\"https:\/\/www.instagram.com\/uzm.dyt.cansugulercin\/\",\"https:\/\/www.linkedin.com\/company\/cansugulercin-com\"]}]}<\/script>\n<!-- \/ Yoast SEO plugin. -->","yoast_head_json":{"title":"Tarifler - Cansu G\u00fcler\u00e7in | Diyet Listesi, Beslenme Program\u0131, Diyetisyen Randevu","robots":{"index":"index","follow":"follow","max-snippet":"max-snippet:-1","max-image-preview":"max-image-preview:large","max-video-preview":"max-video-preview:-1"},"canonical":"https:\/\/www.cansugulercin.com\/tr\/tarifler\/","og_locale":"tr_TR","og_type":"article","og_title":"Tarifler - Cansu G\u00fcler\u00e7in | Diyet Listesi, Beslenme Program\u0131, Diyetisyen Randevu","og_description":"mutfa\u011f\u0131n\u0131za tarifler \u00d6nce sa\u011fl\u0131k, sonra afiyet olsun&#8230;","og_url":"https:\/\/www.cansugulercin.com\/tr\/tarifler\/","og_site_name":"Cansu G\u00fcler\u00e7in | Diyet Listesi, Beslenme Program\u0131, Diyetisyen Randevu","article_publisher":"https:\/\/www.facebook.com\/uzm.dyt.cansugulercin","article_modified_time":"2020-12-02T18:54:48+00:00","twitter_card":"summary_large_image","schema":{"@context":"https:\/\/schema.org","@graph":[{"@type":"WebPage","@id":"https:\/\/www.cansugulercin.com\/tarifler\/","url":"https:\/\/www.cansugulercin.com\/tarifler\/","name":"Tarifler - Cansu G\u00fcler\u00e7in | Diyet Listesi, Beslenme Program\u0131, Diyetisyen Randevu","isPartOf":{"@id":"https:\/\/www.cansugulercin.com\/tr\/#website"},"datePublished":"2020-11-29T11:48:09+00:00","dateModified":"2020-12-02T18:54:48+00:00","breadcrumb":{"@id":"https:\/\/www.cansugulercin.com\/tarifler\/#breadcrumb"},"inLanguage":"tr","potentialAction":[{"@type":"ReadAction","target":["https:\/\/www.cansugulercin.com\/tarifler\/"]}]},{"@type":"BreadcrumbList","@id":"https:\/\/www.cansugulercin.com\/tarifler\/#breadcrumb","itemListElement":[{"@type":"ListItem","position":1,"name":"Anasayfa","item":"https:\/\/www.cansugulercin.com\/"},{"@type":"ListItem","position":2,"name":"Tarifler"}]},{"@type":"WebSite","@id":"https:\/\/www.cansugulercin.com\/tr\/#website","url":"https:\/\/www.cansugulercin.com\/tr\/","name":"Cansu G\u00fcler\u00e7in | Online Diyet Dan\u0131\u015fmanl\u0131\u011f\u0131 - Uzman Diyetisyen & Psikolog","description":"Kilo almak, kilo vermek, diyet, sa\u011fl\u0131kl\u0131 beslenme","publisher":{"@id":"https:\/\/www.cansugulercin.com\/tr\/#organization"},"potentialAction":[{"@type":"SearchAction","target":{"@type":"EntryPoint","urlTemplate":"https:\/\/www.cansugulercin.com\/tr\/?s={search_term_string}"},"query-input":{"@type":"PropertyValueSpecification","valueRequired":true,"valueName":"search_term_string"}}],"inLanguage":"tr"},{"@type":"Organization","@id":"https:\/\/www.cansugulercin.com\/tr\/#organization","name":"Cansu G\u00fcler\u00e7in | Online Diyet Dan\u0131\u015fmanl\u0131\u011f\u0131 - Uzman Diyetisyen & Psikolog","url":"https:\/\/www.cansugulercin.com\/tr\/","logo":{"@type":"ImageObject","inLanguage":"tr","@id":"https:\/\/www.cansugulercin.com\/tr\/#\/schema\/logo\/image\/","url":"https:\/\/www.cansugulercin.com\/wp-content\/uploads\/logo-mini.png","contentUrl":"https:\/\/www.cansugulercin.com\/wp-content\/uploads\/logo-mini.png","width":320,"height":65,"caption":"Cansu G\u00fcler\u00e7in | Online Diyet Dan\u0131\u015fmanl\u0131\u011f\u0131 - Uzman Diyetisyen & Psikolog"},"image":{"@id":"https:\/\/www.cansugulercin.com\/tr\/#\/schema\/logo\/image\/"},"sameAs":["https:\/\/www.facebook.com\/uzm.dyt.cansugulercin","https:\/\/www.instagram.com\/uzm.dyt.cansugulercin\/","https:\/\/www.linkedin.com\/company\/cansugulercin-com"]}]}},"jetpack_sharing_enabled":true,"_links":{"self":[{"href":"https:\/\/www.cansugulercin.com\/tr\/wp-json\/wp\/v2\/pages\/177","targetHints":{"allow":["GET"]}}],"collection":[{"href":"https:\/\/www.cansugulercin.com\/tr\/wp-json\/wp\/v2\/pages"}],"about":[{"href":"https:\/\/www.cansugulercin.com\/tr\/wp-json\/wp\/v2\/types\/page"}],"author":[{"embeddable":true,"href":"https:\/\/www.cansugulercin.com\/tr\/wp-json\/wp\/v2\/users\/1"}],"replies":[{"embeddable":true,"href":"https:\/\/www.cansugulercin.com\/tr\/wp-json\/wp\/v2\/comments?post=177"}],"version-history":[{"count":21,"href":"https:\/\/www.cansugulercin.com\/tr\/wp-json\/wp\/v2\/pages\/177\/revisions"}],"predecessor-version":[{"id":838,"href":"https:\/\/www.cansugulercin.com\/tr\/wp-json\/wp\/v2\/pages\/177\/revisions\/838"}],"wp:attachment":[{"href":"https:\/\/www.cansugulercin.com\/tr\/wp-json\/wp\/v2\/media?parent=177"}],"curies":[{"name":"wp","href":"https:\/\/api.w.org\/{rel}","templated":true}]}}